{"id":76,"date":"2019-06-16T09:21:54","date_gmt":"2019-06-16T08:21:54","guid":{"rendered":"http:\/\/preflight.fusspraxis-hitzkirch.ch\/?page_id=76"},"modified":"2024-12-11T13:29:25","modified_gmt":"2024-12-11T13:29:25","slug":"gesunde-fusse-sind-kein-zufall","status":"publish","type":"page","link":"https:\/\/fusspraxis-freiamt-seetal.ch\/index.php\/gesunde-fusse-sind-kein-zufall\/","title":{"rendered":"Gesunde F\u00fcsse sind kein Zufall"},"content":{"rendered":"\n<p>Auch wenn noch nicht sp\u00fcrbare Fussprobleme bestehen, ist eine regelm\u00e4ssige Pflege und vorbeugende Behandlung Ihrer F\u00fcsse zu empfehlen. Nur gesunde F\u00fcsse garantieren uneingeschr\u00e4nkte Mobilit\u00e4t und dies ist \u00e4usserst wichtig f\u00fcr unser Wohlbefinden.<\/p>\n\n\n\n<p>Viele Menschen, alt wie jung, leiden bereits an unterschiedlichsten Fussproblemen.&nbsp;<br>Ich erfahre immer wieder von meinen Patienten, dass sie sich oft schon \u00fcber Jahre mit Problemen wie einem&nbsp;<a href=\"http:\/\/fusspraxis-freiamt-seetal.ch\/index.php\/begriffe\/eingewachsener-fussnagel\/\">eingewachsenen&nbsp;Nagel<\/a>,&nbsp;<a href=\"http:\/\/fusspraxis-freiamt-seetal.ch\/index.php\/begriffe\/warzen\/\">Fusswarzen<\/a>,&nbsp;<a href=\"http:\/\/fusspraxis-freiamt-seetal.ch\/index.php\/begriffe\/huehneraugen-dornwarzen\/\">H\u00fchneraugen<\/a>, mit <a href=\"http:\/\/fusspraxis-freiamt-seetal.ch\/index.php\/begriffe\/nagelpilz\/\">Nagelpilz<\/a> oder <a href=\"http:\/\/fusspraxis-freiamt-seetal.ch\/index.php\/begriffe\/hornhaut\/\">\u00fcberm\u00e4ssigem Hornhautwachstum<\/a> plagen.&nbsp;Auch die weit verbreiteten&nbsp;Zehenfehlstellungen,&nbsp;wie z.B. <a href=\"http:\/\/fusspraxis-freiamt-seetal.ch\/index.php\/begriffe\/in-der-med-fusspflege-verwendete-begriffe\/\">Hallux Valgus<\/a>, <a href=\"http:\/\/fusspraxis-freiamt-seetal.ch\/index.php\/begriffe\/in-der-med-fusspflege-verwendete-begriffe\/\">Hammer\/Krallenzehen<\/a> kosten unbehandelt viel Lebensqualit\u00e4t.<\/p>\n\n\n\n<p>Betroffene wissen meist gar nicht, dass eine professionell und vor allem sachkundig ausgef\u00fchrte Fussbehandlung ihre Beschwerden abklingen lassen und die Ursache beheben kann.<\/p>\n\n\n\n<p>F\u00fcr die steigende Zahl der\u00a0an Neuropathie und Durchblutungsst\u00f6rungen erkrankten F\u00fcsse\u00a0sind die regelm\u00e4\u00dfige Kontrolle und Fusspflege elementare Bestandteile zur Erhaltung der Gesundheit.<br><\/p>\n\n\n\n<p>Habe ich Ihr Interesse geweckt? Dann lesen Sie doch weiter, z.B. im Bereich\u00a0<a href=\"http:\/\/fusspraxis-freiamt-seetal.ch\/index.php\/angebot\/\">Angebot<\/a>\u00a0und den dort aufrufbaren Artikeln zu Fusspflegethemen oder informieren Sie sich.<\/p>\n","protected":false},"excerpt":{"rendered":"<div class=\"entry-summary\">\nAuch wenn noch nicht sp\u00fcrbare Fussprobleme bestehen, ist eine regelm\u00e4ssige Pflege und vorbeugende Behandlung Ihrer F\u00fcsse zu empfehlen. Nur gesunde&hellip;\n<\/div>\n<div class=\"link-more\"><a href=\"https:\/\/fusspraxis-freiamt-seetal.ch\/index.php\/gesunde-fusse-sind-kein-zufall\/\" class=\"more-link\">Continue reading<span class=\"screen-reader-text\"> &ldquo;Gesunde F\u00fcsse sind kein Zufall&rdquo;<\/span>&hellip;<\/a><\/div>\n","protected":false},"author":1,"featured_media":0,"parent":0,"menu_order":0,"comment_status":"closed","ping_status":"closed","template":"","meta":{"footnotes":""},"class_list":["post-76","page","type-page","status-publish","hentry","entry"],"_links":{"self":[{"href":"https:\/\/fusspraxis-freiamt-seetal.ch\/index.php\/wp-json\/wp\/v2\/pages\/76","targetHints":{"allow":["GET"]}}],"collection":[{"href":"https:\/\/fusspraxis-freiamt-seetal.ch\/index.php\/wp-json\/wp\/v2\/pages"}],"about":[{"href":"https:\/\/fusspraxis-freiamt-seetal.ch\/index.php\/wp-json\/wp\/v2\/types\/page"}],"author":[{"embeddable":true,"href":"https:\/\/fusspraxis-freiamt-seetal.ch\/index.php\/wp-json\/wp\/v2\/users\/1"}],"replies":[{"embeddable":true,"href":"https:\/\/fusspraxis-freiamt-seetal.ch\/index.php\/wp-json\/wp\/v2\/comments?post=76"}],"version-history":[{"count":1,"href":"https:\/\/fusspraxis-freiamt-seetal.ch\/index.php\/wp-json\/wp\/v2\/pages\/76\/revisions"}],"predecessor-version":[{"id":1406,"href":"https:\/\/fusspraxis-freiamt-seetal.ch\/index.php\/wp-json\/wp\/v2\/pages\/76\/revisions\/1406"}],"wp:attachment":[{"href":"https:\/\/fusspraxis-freiamt-seetal.ch\/index.php\/wp-json\/wp\/v2\/media?parent=76"}],"curies":[{"name":"wp","href":"https:\/\/api.w.org\/{rel}","templated":true}]}}