{"id":474,"date":"2019-07-03T08:21:49","date_gmt":"2019-07-03T07:21:49","guid":{"rendered":"http:\/\/preflight.fusspraxis-hitzkirch.ch\/?page_id=474"},"modified":"2026-01-29T15:24:49","modified_gmt":"2026-01-29T15:24:49","slug":"uber-mich","status":"publish","type":"page","link":"https:\/\/fusspraxis-freiamt-seetal.ch\/index.php\/uber-mich\/","title":{"rendered":"\u00fcber mich"},"content":{"rendered":"<div class=\"wp-block-image\">\n<figure class=\"aligncenter size-large\"><img loading=\"lazy\" decoding=\"async\" width=\"160\" height=\"224\" src=\"http:\/\/fusspraxis-freiamt-seetal.ch\/wp-content\/uploads\/2021\/02\/pamo.png\" alt=\"\" class=\"wp-image-1291\"\/><\/figure>\n<\/div>\n\n\n<div class=\"wp-block-columns is-layout-flex wp-container-core-columns-is-layout-9d6595d7 wp-block-columns-is-layout-flex\">\n<div class=\"wp-block-column is-layout-flow wp-block-column-is-layout-flow\" style=\"flex-basis:100%\">\n<div class=\"wp-block-themeisle-blocks-advanced-columns has-1-columns has-desktop-equal-layout has-tablet-equal-layout has-mobile-equal-layout has-default-gap has-vertical-unset\" id=\"wp-block-themeisle-blocks-advanced-columns-1c332f04\" style=\"border-width:0px;border-style:solid;border-color:#000000;border-radius:0px;justify-content:unset\"><div class=\"wp-themeisle-block-overlay\" style=\"opacity:0.5;mix-blend-mode:normal\"><\/div><div class=\"innerblocks-wrap\">\n<div class=\"wp-block-themeisle-blocks-advanced-column\" id=\"wp-block-themeisle-blocks-advanced-column-3cbc422a\" style=\"border-width:0px;border-style:solid;border-color:#000000;border-radius:0px\">\n<p>Mein Name ist Patrik Morand, <br><br><br><br>Meinen Beruf \u00fcbe ich mit besonderer Vorsicht, Genauigkeit, gr\u00f6sstem pers\u00f6nlichem Engagement und viel Leidenschaft aus.&nbsp;<br><br>Ich lege grossen Wert auf Hygiene und gehe individuell auf Ihre Bed\u00fcrfnisse und W\u00fcnsche ein.&nbsp;<br><\/p>\n<p>Gerne empfange ich Sie in der Praxis Auw<\/p>\n<p><br><br>Vielen Dank f\u00fcr Ihr Interesse und Vertrauen.&nbsp;<br><\/p>\n<p>Ihr Patrik Morand<\/p>\n<\/div>\n<\/div><\/div>\n<\/div>\n<\/div>\n\n\n\n<p><\/p>\n","protected":false},"excerpt":{"rendered":"<div class=\"entry-summary\">\nMein Name ist Patrik Morand, Meinen Beruf \u00fcbe ich mit besonderer Vorsicht, Genauigkeit, gr\u00f6sstem pers\u00f6nlichem Engagement und viel Leidenschaft aus.&nbsp;&hellip;\n<\/div>\n<div class=\"link-more\"><a href=\"https:\/\/fusspraxis-freiamt-seetal.ch\/index.php\/uber-mich\/\" class=\"more-link\">Continue reading<span class=\"screen-reader-text\"> &ldquo;\u00fcber mich&rdquo;<\/span>&hellip;<\/a><\/div>\n","protected":false},"author":1,"featured_media":0,"parent":0,"menu_order":0,"comment_status":"closed","ping_status":"closed","template":"","meta":{"footnotes":""},"class_list":["post-474","page","type-page","status-publish","hentry","entry"],"_links":{"self":[{"href":"https:\/\/fusspraxis-freiamt-seetal.ch\/index.php\/wp-json\/wp\/v2\/pages\/474","targetHints":{"allow":["GET"]}}],"collection":[{"href":"https:\/\/fusspraxis-freiamt-seetal.ch\/index.php\/wp-json\/wp\/v2\/pages"}],"about":[{"href":"https:\/\/fusspraxis-freiamt-seetal.ch\/index.php\/wp-json\/wp\/v2\/types\/page"}],"author":[{"embeddable":true,"href":"https:\/\/fusspraxis-freiamt-seetal.ch\/index.php\/wp-json\/wp\/v2\/users\/1"}],"replies":[{"embeddable":true,"href":"https:\/\/fusspraxis-freiamt-seetal.ch\/index.php\/wp-json\/wp\/v2\/comments?post=474"}],"version-history":[{"count":6,"href":"https:\/\/fusspraxis-freiamt-seetal.ch\/index.php\/wp-json\/wp\/v2\/pages\/474\/revisions"}],"predecessor-version":[{"id":1415,"href":"https:\/\/fusspraxis-freiamt-seetal.ch\/index.php\/wp-json\/wp\/v2\/pages\/474\/revisions\/1415"}],"wp:attachment":[{"href":"https:\/\/fusspraxis-freiamt-seetal.ch\/index.php\/wp-json\/wp\/v2\/media?parent=474"}],"curies":[{"name":"wp","href":"https:\/\/api.w.org\/{rel}","templated":true}]}}