{"id":43,"date":"2019-06-16T08:26:23","date_gmt":"2019-06-16T07:26:23","guid":{"rendered":"http:\/\/preflight.fusspraxis-hitzkirch.ch\/?page_id=43"},"modified":"2024-12-11T13:30:57","modified_gmt":"2024-12-11T13:30:57","slug":"angebot","status":"publish","type":"page","link":"https:\/\/fusspraxis-freiamt-seetal.ch\/index.php\/angebot\/","title":{"rendered":"Fusspflege"},"content":{"rendered":"\n<h3 class=\"wp-block-heading\">Fusspflege f\u00fcr Damen und Herren<\/h3>\n\n\n\n<p><strong>Ihr Therapeut: <a href=\"http:\/\/fusspraxis-freiamt-seetal.ch\/index.php\/uber-mich\/\">Patrik Morand<\/a><\/strong><br>Termine in Auw, Eschenbach und mobil m\u00f6glich<\/p>\n\n\n\n<p>&#8230;damit Sie wieder gut zu Fuss sind. Fusspflege mit dem Anspruch an Qualit\u00e4t und Hygiene. <br><br>Lassen auch Sie sich von einem ganz neuen Fussgef\u00fchl begeistern und machen Sie noch heute einen Termin ab. Denn mit gesunden, gepflegten F\u00fcssen l\u00e4uft es sich viel besser und ganz unbeschwert.<\/p>\n\n\n\n<p><\/p>\n","protected":false},"excerpt":{"rendered":"<div class=\"entry-summary\">\nFusspflege f\u00fcr Damen und Herren Ihr Therapeut: Patrik MorandTermine in Auw, Eschenbach und mobil m\u00f6glich &#8230;damit Sie wieder gut zu&hellip;\n<\/div>\n<div class=\"link-more\"><a href=\"https:\/\/fusspraxis-freiamt-seetal.ch\/index.php\/angebot\/\" class=\"more-link\">Continue reading<span class=\"screen-reader-text\"> &ldquo;Fusspflege&rdquo;<\/span>&hellip;<\/a><\/div>\n","protected":false},"author":1,"featured_media":0,"parent":0,"menu_order":0,"comment_status":"closed","ping_status":"closed","template":"","meta":{"footnotes":""},"class_list":["post-43","page","type-page","status-publish","hentry","entry"],"_links":{"self":[{"href":"https:\/\/fusspraxis-freiamt-seetal.ch\/index.php\/wp-json\/wp\/v2\/pages\/43","targetHints":{"allow":["GET"]}}],"collection":[{"href":"https:\/\/fusspraxis-freiamt-seetal.ch\/index.php\/wp-json\/wp\/v2\/pages"}],"about":[{"href":"https:\/\/fusspraxis-freiamt-seetal.ch\/index.php\/wp-json\/wp\/v2\/types\/page"}],"author":[{"embeddable":true,"href":"https:\/\/fusspraxis-freiamt-seetal.ch\/index.php\/wp-json\/wp\/v2\/users\/1"}],"replies":[{"embeddable":true,"href":"https:\/\/fusspraxis-freiamt-seetal.ch\/index.php\/wp-json\/wp\/v2\/comments?post=43"}],"version-history":[{"count":8,"href":"https:\/\/fusspraxis-freiamt-seetal.ch\/index.php\/wp-json\/wp\/v2\/pages\/43\/revisions"}],"predecessor-version":[{"id":1409,"href":"https:\/\/fusspraxis-freiamt-seetal.ch\/index.php\/wp-json\/wp\/v2\/pages\/43\/revisions\/1409"}],"wp:attachment":[{"href":"https:\/\/fusspraxis-freiamt-seetal.ch\/index.php\/wp-json\/wp\/v2\/media?parent=43"}],"curies":[{"name":"wp","href":"https:\/\/api.w.org\/{rel}","templated":true}]}}