{"id":253,"date":"2019-06-18T12:54:56","date_gmt":"2019-06-18T11:54:56","guid":{"rendered":"http:\/\/preflight.fusspraxis-hitzkirch.ch\/?page_id=253"},"modified":"2026-01-29T15:25:29","modified_gmt":"2026-01-29T15:25:29","slug":"kontakt","status":"publish","type":"page","link":"https:\/\/fusspraxis-freiamt-seetal.ch\/index.php\/kontakt\/","title":{"rendered":"Kontakt"},"content":{"rendered":"\n<p>FUSS-PRAXIS FREIAMT-SEETAL<br>Bergstrasse 6A<br>5644 Auw<\/p>\n\n\n\n<p><\/p>\n\n\n\n<h2 class=\"wp-block-heading\"><strong>Tel. 076 405 84 41<\/strong><\/h2>\n\n\n\n<p>auch per SMS, WhatsApp oder Mail<\/p>\n\n\n\n<p><strong><br><em>Bitte beachten Sie, dass telefonische Anfragen w\u00e4hrend den Behandlungen nicht pers\u00f6nlich entgegen genommen werden k\u00f6nnen.<\/em><\/strong><\/p>\n\n\n\n<h4 class=\"wp-block-heading\">info@fusspraxis-freiamt-seetal.ch<\/h4>\n\n\n\n<p><\/p>\n","protected":false},"excerpt":{"rendered":"<div class=\"entry-summary\">\nFUSS-PRAXIS FREIAMT-SEETALBergstrasse 6A5644 Auw Tel. 076 405 84 41 auch per SMS, WhatsApp oder Mail Bitte beachten Sie, dass telefonische&hellip;\n<\/div>\n<div class=\"link-more\"><a href=\"https:\/\/fusspraxis-freiamt-seetal.ch\/index.php\/kontakt\/\" class=\"more-link\">Continue reading<span class=\"screen-reader-text\"> &ldquo;Kontakt&rdquo;<\/span>&hellip;<\/a><\/div>\n","protected":false},"author":1,"featured_media":0,"parent":0,"menu_order":0,"comment_status":"closed","ping_status":"closed","template":"","meta":{"footnotes":""},"class_list":["post-253","page","type-page","status-publish","hentry","entry"],"_links":{"self":[{"href":"https:\/\/fusspraxis-freiamt-seetal.ch\/index.php\/wp-json\/wp\/v2\/pages\/253","targetHints":{"allow":["GET"]}}],"collection":[{"href":"https:\/\/fusspraxis-freiamt-seetal.ch\/index.php\/wp-json\/wp\/v2\/pages"}],"about":[{"href":"https:\/\/fusspraxis-freiamt-seetal.ch\/index.php\/wp-json\/wp\/v2\/types\/page"}],"author":[{"embeddable":true,"href":"https:\/\/fusspraxis-freiamt-seetal.ch\/index.php\/wp-json\/wp\/v2\/users\/1"}],"replies":[{"embeddable":true,"href":"https:\/\/fusspraxis-freiamt-seetal.ch\/index.php\/wp-json\/wp\/v2\/comments?post=253"}],"version-history":[{"count":4,"href":"https:\/\/fusspraxis-freiamt-seetal.ch\/index.php\/wp-json\/wp\/v2\/pages\/253\/revisions"}],"predecessor-version":[{"id":1416,"href":"https:\/\/fusspraxis-freiamt-seetal.ch\/index.php\/wp-json\/wp\/v2\/pages\/253\/revisions\/1416"}],"wp:attachment":[{"href":"https:\/\/fusspraxis-freiamt-seetal.ch\/index.php\/wp-json\/wp\/v2\/media?parent=253"}],"curies":[{"name":"wp","href":"https:\/\/api.w.org\/{rel}","templated":true}]}}