{"id":2,"date":"2019-06-14T09:39:35","date_gmt":"2019-06-14T08:39:35","guid":{"rendered":"http:\/\/preflight.fusspraxis-hitzkirch.ch\/?page_id=2"},"modified":"2024-12-11T13:37:15","modified_gmt":"2024-12-11T13:37:15","slug":"sample-page","status":"publish","type":"page","link":"https:\/\/fusspraxis-freiamt-seetal.ch\/","title":{"rendered":"Herzlich Willkommen"},"content":{"rendered":"\n<p>Ich freue mich, Sie auf meiner Homepage begr\u00fcssen zu d\u00fcrfen.&nbsp;<\/p>\n\n\n\n<p class=\"has-vivid-red-color has-text-color\"><\/p>\n\n\n\n<p class=\"has-black-color has-text-color\" style=\"font-size:14px\">Liebe Patientinnen und Patienten<br><\/p>\n\n\n\n<p class=\"has-vivid-red-color has-text-color\" style=\"font-size:14px\">Sicherheit, Gesundheit und Ihr Wohlbefinden haben bei uns oberste Priorit\u00e4t.<\/p>\n\n\n\n<p class=\"has-vivid-red-color has-text-color\" style=\"font-size:14px\"><strong>Aus diesem Grund haben wir die Fusspraxis modifiziert und das Hygienekonzept gem\u00e4ss den neuen Richtlinien des Bundes angepasst.<\/strong><\/p>\n\n\n\n<p class=\"has-vivid-red-color has-text-color\" style=\"font-size:14px\">Oberfl\u00e4chen und B\u00f6den werden nach <strong><em>jeder<\/em><\/strong> Konsultation desinfiziert.<\/p>\n\n\n\n<p class=\"has-vivid-red-color has-text-color\" style=\"font-size:14px\">Sie d\u00fcrfen auch weiterhin auf die schon etablierten Hygienemassnahmen vertrauen.<strong><br><em>Rufen Sie an, vereinbaren Sie einen Termin, f\u00fcr mehr Informationen zum Hygienekonzept und den Behandlungen sind wie weiterhin f\u00fcr Sie da!<\/em><\/strong><br><strong><br>Tel. 076 405 84 41 f\u00fcr Fusspflege<\/strong><\/p>\n\n\n\n<p class=\"has-vivid-red-color has-text-color\" style=\"font-size:14px\">&#8230;bleiben Sie gesund!<\/p>\n\n\n\n<p>F\u00fcsse tragen uns unser ganzes Leben lang. <br>&#8230;in den Kindergarten, zur Schule, zur ersten Freundin, zum ersten Freund, auf die Arbeit, nach Hause und zur Familie, sie legen dabei unz\u00e4hlige Kilometer zur\u00fcck: <\/p>\n\n\n\n<p>unsere F\u00fcsse!&#8230; <\/p>\n\n\n\n<p><br>Daher sollte es uns am Herzen liegen, sie zu pflegen und gesund zu erhalten.<\/p>\n\n\n\n<p>Ich biete Ihnen eine fachgerechte und kompetente Fusspflege in einer angenehmen und entspannten Atmosph\u00e4re.<\/p>\n\n\n\n<h3 class=\"wp-block-heading\"><em>Ihre F\u00fcsse sind bei mir in guten H\u00e4nden<\/em><\/h3>\n\n\n\n<h2 class=\"wp-block-heading\"><strong>076 405 84 41<\/strong><\/h2>\n\n\n\n<p>auch per SMS, WhatsApp oder Mail<\/p>\n\n\n\n<p><strong><em>Bitte beachten Sie, dass telefonische Anfragen w\u00e4hrend den Behandlungen nicht pers\u00f6nlich entgegen genommen werden k\u00f6nnen. <\/em><\/strong><\/p>\n","protected":false},"excerpt":{"rendered":"<div class=\"entry-summary\">\nIch freue mich, Sie auf meiner Homepage begr\u00fcssen zu d\u00fcrfen.&nbsp; Liebe Patientinnen und Patienten Sicherheit, Gesundheit und Ihr Wohlbefinden haben&hellip;\n<\/div>\n<div class=\"link-more\"><a href=\"https:\/\/fusspraxis-freiamt-seetal.ch\/\" class=\"more-link\">Continue reading<span class=\"screen-reader-text\"> &ldquo;Herzlich Willkommen&rdquo;<\/span>&hellip;<\/a><\/div>\n","protected":false},"author":1,"featured_media":0,"parent":0,"menu_order":0,"comment_status":"closed","ping_status":"open","template":"","meta":{"footnotes":""},"class_list":["post-2","page","type-page","status-publish","hentry","entry"],"_links":{"self":[{"href":"https:\/\/fusspraxis-freiamt-seetal.ch\/index.php\/wp-json\/wp\/v2\/pages\/2","targetHints":{"allow":["GET"]}}],"collection":[{"href":"https:\/\/fusspraxis-freiamt-seetal.ch\/index.php\/wp-json\/wp\/v2\/pages"}],"about":[{"href":"https:\/\/fusspraxis-freiamt-seetal.ch\/index.php\/wp-json\/wp\/v2\/types\/page"}],"author":[{"embeddable":true,"href":"https:\/\/fusspraxis-freiamt-seetal.ch\/index.php\/wp-json\/wp\/v2\/users\/1"}],"replies":[{"embeddable":true,"href":"https:\/\/fusspraxis-freiamt-seetal.ch\/index.php\/wp-json\/wp\/v2\/comments?post=2"}],"version-history":[{"count":13,"href":"https:\/\/fusspraxis-freiamt-seetal.ch\/index.php\/wp-json\/wp\/v2\/pages\/2\/revisions"}],"predecessor-version":[{"id":1412,"href":"https:\/\/fusspraxis-freiamt-seetal.ch\/index.php\/wp-json\/wp\/v2\/pages\/2\/revisions\/1412"}],"wp:attachment":[{"href":"https:\/\/fusspraxis-freiamt-seetal.ch\/index.php\/wp-json\/wp\/v2\/media?parent=2"}],"curies":[{"name":"wp","href":"https:\/\/api.w.org\/{rel}","templated":true}]}}