{"id":199,"date":"2019-06-18T10:27:49","date_gmt":"2019-06-18T09:27:49","guid":{"rendered":"http:\/\/preflight.fusspraxis-hitzkirch.ch\/?page_id=199"},"modified":"2019-10-19T14:25:53","modified_gmt":"2019-10-19T13:25:53","slug":"heimpflege","status":"publish","type":"page","link":"https:\/\/fusspraxis-freiamt-seetal.ch\/index.php\/heimpflege\/","title":{"rendered":"Heimpflege"},"content":{"rendered":"\n<ul class=\"wp-block-list\"><li>Okklusiv-Behandlung<br>Luft- und wasserundurchl\u00e4ssiger abschlie\u00dfender Folienverband zur Behandlung stark verhornter Haut, \u00bb\u00a0<a href=\"http:\/\/fusspraxis-freiamt-seetal.ch\/index.php\/begriffe\/in-der-med-fusspflege-verwendete-begriffe\/\" target=\"_blank\" rel=\"noreferrer noopener\" aria-label=\" (opens in a new tab)\">Fersenrissen<\/a>\u00a0und sehr trockner Haut. Die Wirkung von Salben und Pflegeprodukten wird verst\u00e4rkt. Pflegesubstanzen k\u00f6nnen tiefer eindringen und werden von der Haut besser absorbiert. Inhaltstoffe dieser Pflegepr\u00e4parate sind z. B. Harnstoff (Urea), Lanolin, Panthenol, Bisabolol und Sheabutter (Karit\u00e9). Die Regenerationsf\u00e4higkeit der Haut wird \u00fcber die Aktivierung der Zellteilung verbessert. Besonders intensiv l\u00e4sst sich dieser Effekt \u00fcber eine Okklusiv-Packung erg\u00e4nzen. Unter Luftabschluss kann das Pflegeprodukt 30 bis 60 Minuten intensiv einwirken. Die Anwendung der Okklusiv-Packung sollte wiederholt werden, bis die Haut geschmeidig ist und sich die \u00fcberm\u00e4\u00dfige Hornhaut reduziert hat.<br><br>Eine kosteng\u00fcnstige Variante ist, den Folienverband mit Cellophan (Haushalts\/Frischhaltefolie) anzulegen.<br><\/li><li>Die Feuchtigkeitspflege der F\u00fcsse ist das A und O der pers\u00f6nlichen Fusspflege. Durch regelm\u00e4ssiges Eincremen bleibt die Haut geschmeidig und glatt und man kann kosmetische Unsch\u00f6nheiten wie Hornhautverdickungen oder trockenen Stellen entgegen wirken. Sheabutter und Urea verbessern das Hautbild nachhaltig mit der richtigen Fuss-Creme.<\/li><\/ul>\n\n\n\n<p><\/p>\n","protected":false},"excerpt":{"rendered":"<div class=\"entry-summary\">\nOkklusiv-BehandlungLuft- und wasserundurchl\u00e4ssiger abschlie\u00dfender Folienverband zur Behandlung stark verhornter Haut, \u00bb\u00a0Fersenrissen\u00a0und sehr trockner Haut. Die Wirkung von Salben und Pflegeprodukten&hellip;\n<\/div>\n<div class=\"link-more\"><a href=\"https:\/\/fusspraxis-freiamt-seetal.ch\/index.php\/heimpflege\/\" class=\"more-link\">Continue reading<span class=\"screen-reader-text\"> &ldquo;Heimpflege&rdquo;<\/span>&hellip;<\/a><\/div>\n","protected":false},"author":1,"featured_media":440,"parent":0,"menu_order":0,"comment_status":"closed","ping_status":"closed","template":"","meta":{"footnotes":""},"class_list":["post-199","page","type-page","status-publish","has-post-thumbnail","hentry","entry"],"_links":{"self":[{"href":"https:\/\/fusspraxis-freiamt-seetal.ch\/index.php\/wp-json\/wp\/v2\/pages\/199","targetHints":{"allow":["GET"]}}],"collection":[{"href":"https:\/\/fusspraxis-freiamt-seetal.ch\/index.php\/wp-json\/wp\/v2\/pages"}],"about":[{"href":"https:\/\/fusspraxis-freiamt-seetal.ch\/index.php\/wp-json\/wp\/v2\/types\/page"}],"author":[{"embeddable":true,"href":"https:\/\/fusspraxis-freiamt-seetal.ch\/index.php\/wp-json\/wp\/v2\/users\/1"}],"replies":[{"embeddable":true,"href":"https:\/\/fusspraxis-freiamt-seetal.ch\/index.php\/wp-json\/wp\/v2\/comments?post=199"}],"version-history":[{"count":0,"href":"https:\/\/fusspraxis-freiamt-seetal.ch\/index.php\/wp-json\/wp\/v2\/pages\/199\/revisions"}],"wp:featuredmedia":[{"embeddable":true,"href":"https:\/\/fusspraxis-freiamt-seetal.ch\/index.php\/wp-json\/wp\/v2\/media\/440"}],"wp:attachment":[{"href":"https:\/\/fusspraxis-freiamt-seetal.ch\/index.php\/wp-json\/wp\/v2\/media?parent=199"}],"curies":[{"name":"wp","href":"https:\/\/api.w.org\/{rel}","templated":true}]}}