{"id":197,"date":"2019-06-18T10:24:50","date_gmt":"2019-06-18T09:24:50","guid":{"rendered":"http:\/\/preflight.fusspraxis-hitzkirch.ch\/?page_id=197"},"modified":"2019-10-19T15:42:45","modified_gmt":"2019-10-19T14:42:45","slug":"rollnagel","status":"publish","type":"page","link":"https:\/\/fusspraxis-freiamt-seetal.ch\/index.php\/rollnagel\/","title":{"rendered":"Rollnagel"},"content":{"rendered":"\n<p>Es gibt eine Vielzahl an Nagelver\u00e4nderungen, die an den Zehenn\u00e4geln auftreten k\u00f6nnen. Zu den Nagelver\u00e4nderungen die mitunter am h\u00e4ufigsten auftreten, z\u00e4hlen beispielsweise Rolln\u00e4gel. Aber was sind Rolln\u00e4gel \u00fcberhaupt?<\/p>\n\n\n\n<p>Mit einem Rollnagel , auch Unguis Convolutus genannt, bezeichnet man einen Nagel, bei dem die Nagelplatte quer zur Wuchsrichtung gekr\u00fcmmt ist. Die seitlichen Nagelr\u00e4nder rollen sich hier mehr oder weniger stark ein.<\/p>\n\n\n\n<p>Man unterscheidet 3 Formen der Rolln\u00e4gel:<\/p>\n\n\n\n<ul class=\"wp-block-list\"><li>die Ziegelform (hier ist eine Seite des Nagels eingerollt)<\/li><li>die T\u00fctenform (beide Seiten des Nagels sind eingerollt)<\/li><li>die seitliche Randfaltung (der Nagel hat an den Seiten einen Knick)<\/li><\/ul>\n\n\n\n<h3 class=\"wp-block-heading\">Was sind die Ursachen von Rolln\u00e4geln?<\/h3>\n\n\n\n<p>Rolln\u00e4gel k\u00f6nnen unterschiedliche Ursachen haben. Einge dieser Ursachen sind:<\/p>\n\n\n\n<ul class=\"wp-block-list\"><li>genetische Disposition \/ Veranlagung<\/li><li>Stoffwechselerkrankungen<\/li><li>falscher Nagelschnitt<\/li><li>Fehlformen des Fusses und der Zehen<\/li><li>zu enge Schuhe<\/li><li>zu enge Str\u00fcmpfe und Kompressionsstr\u00fcmpfe<\/li><\/ul>\n\n\n\n<h3 class=\"wp-block-heading\">Die Behandlung von Rolln\u00e4geln<\/h3>\n\n\n\n<p>Rolln\u00e4gel k\u00f6nnen, m\u00fcssen aber nicht, zu Beschwerden f\u00fchren. Durch den starken seitlichen Druck kann es zu Verhornungen oder H\u00fchneraugen im Nagelfalz kommen. Im schlimmsten Fall kann aus einem Rollnagel auch ein <a href=\"http:\/\/fusspraxis-freiamt-seetal.ch\/index.php\/begriffe\/eingewachsener-fussnagel\/\">eingewachsener Nagel<\/a> (Unguis Incarnatus) werden, mit dem auch Entz\u00fcndungen und Schmerzen einher gehen k\u00f6nnen.\u00a0<\/p>\n\n\n\n<p>Damit es aber gar nicht erst soweit kommt, empfiehlt sich mit dieser Problematik regelm\u00e4ssige med. Fusspflege.<\/p>\n\n\n\n<h3 class=\"wp-block-heading\">Die passenden Socken<\/h3>\n\n\n\n<p>Zu den Ursachen von Rolln\u00e4geln z\u00e4hlen unter anderem enge Socken, die st\u00e4ndigen Druck auf die Zehen und die N\u00e4gel aus\u00fcben. Daher sollte unbedingt darauf geachtet werden, dass man passende Socken tr\u00e4gt, die der Schuhgr\u00f6\u00dfe entsprechen und aus einem weichen Material, am besten aus&nbsp;100% Baumwolle*&nbsp;bestehen. Wer Kompressionsstr\u00fcmpfe tragen muss, der kann z.B.&nbsp;Str\u00fcmpfe mit einer offenen Spitze&nbsp;w\u00e4hlen.<\/p>\n\n\n\n<h3 class=\"wp-block-heading\">Bequeme Schuhe mit ausreichender Zehenfreiheit<\/h3>\n\n\n\n<p>Bei den Schuhen ist es sehr wichtig darauf zu achten, dass die Schuhe im Vorfussbereich breit genug sind und die Zehen gen\u00fcgend Bewegungsfreiheit haben. Leider gibt es mittlerweile sehr viele Schuhe die gerade im Vorfussbereich schmaler werden. Es gibt jedoch einige Schuhhersteller, die sich auf Schuhe mit entsprechender Zehenfreiheit spezialisiert haben.<\/p>\n\n\n\n<h3 class=\"wp-block-heading\">Der richtige Nagelschnitt bei Rolln\u00e4geln<\/h3>\n\n\n\n<p>Leider kommt es viel zu h\u00e4ufig vor, dass die N\u00e4gel falsch geschnitten werden und so die Tendenz zu Rolln\u00e4geln verst\u00e4rkt wird. Die Zehenn\u00e4gel werden oft&nbsp;zu kurz&nbsp;geschnitten und sehr oft werden auch die Nagelecken herausgeschnitten, da f\u00e4lschlicherweise geglaubt wird, dass damit der Druck auf den Zeh genommen wird. Das Herausschneiden der Nagelecken verschlimmert das Problem jedoch nur. Ein korrekter Nagelschnitt sollte immer so geformt sein, dass der Nagel der&nbsp;Form&nbsp;der Zehenkuppe entspricht, auch nur so kurz, dass er mit der Zehenkuppe abschliesst. Bei der fachkundigen Rollnagelbehandlung k\u00f6nnen andere Formen als (kuppenb\u00fcndig) zur physikalischen Druckentlastung Anwendung finden.<\/p>\n\n\n\n<h3 class=\"wp-block-heading\">Rolln\u00e4gel mit einer Nagelfalztamponade behandeln<\/h3>\n\n\n\n<p>Eine&nbsp;<a href=\"http:\/\/fusspraxis-freiamt-seetal.ch\/index.php\/tamponieren\/\">Nagelfalztamponade<\/a>&nbsp;ist ein d\u00fcnner Vliesstreifen, der unter die seitlichen Nagelr\u00e4nder gelegt wird, um zu verhindern dass diese einwachsen. Durch die Tamponade werden die Nagelr\u00e4nder nun leicht angehoben. <\/p>\n\n\n\n<h3 class=\"wp-block-heading\">Rolln\u00e4gel mit einer Nagelkorrekturspange behandeln<\/h3>\n\n\n\n<p>Mit einer Nagelkorrekturspange lassen sich eingewachsene N\u00e4gel und Rolln\u00e4gel behandeln. Durch die Nagelkorrekturspange l\u00e4sst sich die Form des Nagels positiv ver\u00e4ndern, so dass er keine Beschwerden mehr verursacht. Die Nagelkorrekturspange wird dem Nagel angepasst und in einem zeitlichen Abstand von 4-6 Wochen reguliert, bis der Nagel eine gesunde Form erreicht hat. <\/p>\n\n\n\n<h3 class=\"wp-block-heading\">Den Rollnagel operativ korrigieren<\/h3>\n\n\n\n<p>Wenn die konservative Therapie keinen Erfolg bringt, besteht noch die M\u00f6glichkeit den Rollnagel operativ korrigieren zu lassen. Dieses operative Verfahren zur Behandlung von Rolln\u00e4geln, nennt sich <a href=\"http:\/\/fusspraxis-freiamt-seetal.ch\/index.php\/begriffe\/keilexzision-emmert-plastik\/\">Emmert-Plastik<\/a> oder auch Nagelkeilexzision. Bei der Emmert-Plastik wird der seitliche, eingerollte oder eingewachsene Nagelteil mitsamt der dazugeh\u00f6rigen Matrix entfernt, so dass der nachwachsende Nagel schm\u00e4ler ist. Die Emmert-Plastik wird unter Lokalan\u00e4sthesie durchgef\u00fchrt. Da es ein operativer Eingriff ist, der immer mit Risiken verbunden ist, empfehle ich erst die konservativen Behandlungsm\u00f6glichkeiten vollends auszusch\u00f6pfen, bevor man sich f\u00fcr eine OP entscheidet.<\/p>\n","protected":false},"excerpt":{"rendered":"<div class=\"entry-summary\">\nEs gibt eine Vielzahl an Nagelver\u00e4nderungen, die an den Zehenn\u00e4geln auftreten k\u00f6nnen. Zu den Nagelver\u00e4nderungen die mitunter am h\u00e4ufigsten auftreten,&hellip;\n<\/div>\n<div class=\"link-more\"><a href=\"https:\/\/fusspraxis-freiamt-seetal.ch\/index.php\/rollnagel\/\" class=\"more-link\">Continue reading<span class=\"screen-reader-text\"> &ldquo;Rollnagel&rdquo;<\/span>&hellip;<\/a><\/div>\n","protected":false},"author":1,"featured_media":448,"parent":0,"menu_order":0,"comment_status":"closed","ping_status":"closed","template":"","meta":{"footnotes":""},"class_list":["post-197","page","type-page","status-publish","has-post-thumbnail","hentry","entry"],"_links":{"self":[{"href":"https:\/\/fusspraxis-freiamt-seetal.ch\/index.php\/wp-json\/wp\/v2\/pages\/197","targetHints":{"allow":["GET"]}}],"collection":[{"href":"https:\/\/fusspraxis-freiamt-seetal.ch\/index.php\/wp-json\/wp\/v2\/pages"}],"about":[{"href":"https:\/\/fusspraxis-freiamt-seetal.ch\/index.php\/wp-json\/wp\/v2\/types\/page"}],"author":[{"embeddable":true,"href":"https:\/\/fusspraxis-freiamt-seetal.ch\/index.php\/wp-json\/wp\/v2\/users\/1"}],"replies":[{"embeddable":true,"href":"https:\/\/fusspraxis-freiamt-seetal.ch\/index.php\/wp-json\/wp\/v2\/comments?post=197"}],"version-history":[{"count":0,"href":"https:\/\/fusspraxis-freiamt-seetal.ch\/index.php\/wp-json\/wp\/v2\/pages\/197\/revisions"}],"wp:featuredmedia":[{"embeddable":true,"href":"https:\/\/fusspraxis-freiamt-seetal.ch\/index.php\/wp-json\/wp\/v2\/media\/448"}],"wp:attachment":[{"href":"https:\/\/fusspraxis-freiamt-seetal.ch\/index.php\/wp-json\/wp\/v2\/media?parent=197"}],"curies":[{"name":"wp","href":"https:\/\/api.w.org\/{rel}","templated":true}]}}