{"id":192,"date":"2019-06-18T10:00:29","date_gmt":"2019-06-18T09:00:29","guid":{"rendered":"http:\/\/preflight.fusspraxis-hitzkirch.ch\/?page_id=192"},"modified":"2019-10-19T15:21:02","modified_gmt":"2019-10-19T14:21:02","slug":"nagelspangenbehandlung","status":"publish","type":"page","link":"https:\/\/fusspraxis-freiamt-seetal.ch\/index.php\/nagelspangenbehandlung\/","title":{"rendered":"Nagelspangenbehandlung"},"content":{"rendered":"\n<p>Effektive \u00bb\u00a0<a href=\"http:\/\/fusspraxis-freiamt-seetal.ch\/index.php\/behandlung-eingewachsener-nagel\/\" target=\"_blank\" rel=\"noreferrer noopener\" aria-label=\" (opens in a new tab)\">Behandlung<\/a>\u00a0bei eingewachsenen Fuss- und Rolln\u00e4geln. Beschwerden k\u00f6nnen schnell gelindert und nachhaltig behoben werden.<\/p>\n\n\n\n<h3 class=\"wp-block-heading\">Nagelkorrekturspangen \u2013 Sanfte Behandlung bei <a href=\"http:\/\/fusspraxis-freiamt-seetal.ch\/index.php\/begriffe\/eingewachsener-fussnagel\/\">eingewachsenen<\/a> und <a href=\"http:\/\/fusspraxis-freiamt-seetal.ch\/index.php\/rollnagel\/\">eingerollten<\/a> Zehenn\u00e4gel<\/h3>\n\n\n\n<p>Nagelkorrekturspangen erm\u00f6glichen eingewachsenen und eingerollten N\u00e4geln zu einem nat\u00fcrlichen, gesunden Wachstum und Fehlstellungen der N\u00e4gel zu korrigieren \u2013 \u00e4hnlich wie bei einer Zahnspange. Beschwerden und Schmerzen k\u00f6nnen wirksam gelindert und nachhaltig behoben werden.<\/p>\n\n\n\n<p>Schmerzhafte Operationen wie z. B. \u00bb\u00a0<a href=\"http:\/\/fusspraxis-freiamt-seetal.ch\/index.php\/begriffe\/keilexzision-emmert-plastik\/\">Emmert-Keilexzision<\/a>\u00a0oder eine Nagelextraktion k\u00f6nnten in vielen F\u00e4llen vermieden werden, wenn rechtzeitig mit einer Nagelspangen Behandlung begonnen wird. Welche Spangenart in Betracht kommt, ist abh\u00e4ngig von der Art und vom Schweregrad des verformten Nagels. Auch ist eine Kombination von verschieden Spangensystemen denkbar.<\/p>\n\n\n\n<p>Bei einem Rollnagel w\u00f6lbt sich die Nagelplatte \u00fcberm\u00e4ssig quer zur Wachstumsrichtung des Nagels. Durch diese Kr\u00fcmmung dr\u00fccken die seitlichen Nagelr\u00e4nder schmerzhaft in den Nagelfalz. Deformierte N\u00e4gel und Rolln\u00e4gel bilden sich nicht von selbst zur\u00fcck und sollten professionell behandelt werden.<\/p>\n\n\n\n<p>Die Nagelkorrektur mit einer Nagelspange ist eine sehr gute Behandlungsm\u00f6glichkeit zur Regulierung deformierter, eingewachsener oder eingerollter N\u00e4gel und wird individuell an die jeweilige Nagelform angepasst. Bei einem eingewachsenen, eingerollten Nagel dr\u00fcckt sich der seitliche Nagelrand in den Nagelfalz und kann sehr schmerzhaft werden.<\/p>\n\n\n\n<h3 class=\"wp-block-heading\">Wirkungsprinzip einer Nagelspange<\/h3>\n\n\n\n<p>Durch sanfte Zugkraft hebt die applizierte Nagelkorrekturspange die seitlichen Nagelr\u00e4nder schonend aus dem Nagelfalz und erm\u00f6glicht dem Zehennagel wieder schmerzfrei korrekt zu wachsen. Die Zugkraft der Nagelspange f\u00fchrt zu einer Druckentlastung des betroffenen Nagels und Beschwerden k\u00f6nnen unmittelbar gelindert werden.&nbsp; Diese Art der Nagelkorrektur ist optisch unauff\u00e4llig, \u00e4sthetisch und ohne Beeintr\u00e4chtigungen.<\/p>\n\n\n\n<h3 class=\"wp-block-heading\">M\u00f6gliche Ursachen eingewachsener und eingerollter N\u00e4gel<\/h3>\n\n\n\n<ul class=\"wp-block-list\"><li>Nagelwachstumsst\u00f6rungen<\/li><li>Fehlstellungen des Fusses und der Zehen<\/li><li>Famili\u00e4re Disposition<\/li><li>Zu kurzes oder rundes Schneiden der N\u00e4gel<\/li><li>Unf\u00e4lle (Trauma)<\/li><li>Enge, dr\u00fcckende Schuhe<\/li><li>Nicht gelungene \u00bb\u00a0<a href=\"http:\/\/fusspraxis-freiamt-seetal.ch\/index.php\/begriffe\/keilexzision-emmert-plastik\/\" target=\"_blank\" rel=\"noreferrer noopener\" aria-label=\" (opens in a new tab)\">Nageloperation<\/a>\u00a0etc.<\/li><\/ul>\n\n\n\n<h3 class=\"wp-block-heading\">Anwendung Nagelkorrektur Spange<\/h3>\n\n\n\n<ul class=\"wp-block-list\"><li>Nagelfehlwachstum<\/li><li>schmerzhaft eingewachsenen N\u00e4geln<\/li><li>eingerollten Zehenn\u00e4geln<\/li><li>H\u00fchneraugen im Nagelfalz<\/li><li>zur Prophylaxe bestens einsetzbar<\/li><\/ul>\n\n\n\n<h3 class=\"wp-block-heading\">Ziel einer Nagelspangen Behandlung<\/h3>\n\n\n\n<ul class=\"wp-block-list\"><li>Eingewachsene, eingerollte N\u00e4gel k\u00f6nnen mit einer Nagelspange wieder begradigt werden und dem Nagel zu einem gesunden und schmerzfreien Wachstum verhelfen.<\/li><li>Durch das Anbringen der Nagelkorrekturspange tritt eine z\u00fcgige Entlastung des umliegenden Gewebes ein.<\/li><li>Anhebung der seitlichen Nagelr\u00e4nder.<\/li><li>Beschwerden k\u00f6nnen schnell gelindert und effektiv behoben werden.<\/li><li>Prophylaxe vor weiteren schmerzhaften Einwachsen der N\u00e4gel.<\/li><li>Vermeiden einer \u00bb\u00a0<a href=\"http:\/\/fusspraxis-freiamt-seetal.ch\/index.php\/begriffe\/keilexzision-emmert-plastik\/\" target=\"_blank\" rel=\"noreferrer noopener\" aria-label=\" (opens in a new tab)\">Emmert-Plastik\/Keilexzision<\/a>.<\/li><\/ul>\n\n\n\n<h3 class=\"wp-block-heading\">Dauer einer Nagelspangenbehandlung<\/h3>\n\n\n\n<p>Die Dauer der Nagelspangenbehandlung ist von Fall zu Fall unterschiedlich und abh\u00e4ngig von der St\u00e4rke der Nagelverformung, dem Nagelwachstum und Behandlungsfortschritt. Die Nagelspange wird in regelm\u00e4\u00dfigen Abst\u00e4nden ca. alle 4 bis 6 Wochen \u2013 je nach Spangenart \u2013 abgenommen und neu aufgebracht oder nachgespannt \u2013 bis sich der gew\u00fcnschte Behandlungserfolg eingestellt hat.<\/p>\n\n\n\n<p><\/p>\n","protected":false},"excerpt":{"rendered":"<div class=\"entry-summary\">\nEffektive \u00bb\u00a0Behandlung\u00a0bei eingewachsenen Fuss- und Rolln\u00e4geln. Beschwerden k\u00f6nnen schnell gelindert und nachhaltig behoben werden. Nagelkorrekturspangen \u2013 Sanfte Behandlung bei eingewachsenen&hellip;\n<\/div>\n<div class=\"link-more\"><a href=\"https:\/\/fusspraxis-freiamt-seetal.ch\/index.php\/nagelspangenbehandlung\/\" class=\"more-link\">Continue reading<span class=\"screen-reader-text\"> &ldquo;Nagelspangenbehandlung&rdquo;<\/span>&hellip;<\/a><\/div>\n","protected":false},"author":1,"featured_media":446,"parent":0,"menu_order":0,"comment_status":"closed","ping_status":"closed","template":"","meta":{"footnotes":""},"class_list":["post-192","page","type-page","status-publish","has-post-thumbnail","hentry","entry"],"_links":{"self":[{"href":"https:\/\/fusspraxis-freiamt-seetal.ch\/index.php\/wp-json\/wp\/v2\/pages\/192","targetHints":{"allow":["GET"]}}],"collection":[{"href":"https:\/\/fusspraxis-freiamt-seetal.ch\/index.php\/wp-json\/wp\/v2\/pages"}],"about":[{"href":"https:\/\/fusspraxis-freiamt-seetal.ch\/index.php\/wp-json\/wp\/v2\/types\/page"}],"author":[{"embeddable":true,"href":"https:\/\/fusspraxis-freiamt-seetal.ch\/index.php\/wp-json\/wp\/v2\/users\/1"}],"replies":[{"embeddable":true,"href":"https:\/\/fusspraxis-freiamt-seetal.ch\/index.php\/wp-json\/wp\/v2\/comments?post=192"}],"version-history":[{"count":0,"href":"https:\/\/fusspraxis-freiamt-seetal.ch\/index.php\/wp-json\/wp\/v2\/pages\/192\/revisions"}],"wp:featuredmedia":[{"embeddable":true,"href":"https:\/\/fusspraxis-freiamt-seetal.ch\/index.php\/wp-json\/wp\/v2\/media\/446"}],"wp:attachment":[{"href":"https:\/\/fusspraxis-freiamt-seetal.ch\/index.php\/wp-json\/wp\/v2\/media?parent=192"}],"curies":[{"name":"wp","href":"https:\/\/api.w.org\/{rel}","templated":true}]}}