{"id":189,"date":"2019-06-18T09:59:15","date_gmt":"2019-06-18T08:59:15","guid":{"rendered":"http:\/\/preflight.fusspraxis-hitzkirch.ch\/?page_id=189"},"modified":"2019-10-19T15:33:36","modified_gmt":"2019-10-19T14:33:36","slug":"tamponieren","status":"publish","type":"page","link":"https:\/\/fusspraxis-freiamt-seetal.ch\/index.php\/tamponieren\/","title":{"rendered":"Tamponieren"},"content":{"rendered":"\n<p>Bei \u00bb\u00a0<a href=\"http:\/\/fusspraxis-freiamt-seetal.ch\/index.php\/begriffe\/eingewachsener-fussnagel\/\" target=\"_blank\" rel=\"noreferrer noopener\" aria-label=\" (opens in a new tab)\">eingewachsenen<\/a>\u00a0Zehenn\u00e4geln kann z. B. durch das Tamponieren des betroffenen Nagels ein beschwerdefreies Nachwachsen erm\u00f6glicht werden. Eine Nagelfalz-Tamponade sch\u00fctzt vor scharfen Nagelr\u00e4ndern, dient als Reibungsschutz und ist anschmiegsam und weich.<\/p>\n","protected":false},"excerpt":{"rendered":"<div class=\"entry-summary\">\nBei \u00bb\u00a0eingewachsenen\u00a0Zehenn\u00e4geln kann z. B. durch das Tamponieren des betroffenen Nagels ein beschwerdefreies Nachwachsen erm\u00f6glicht werden. Eine Nagelfalz-Tamponade sch\u00fctzt vor&hellip;\n<\/div>\n<div class=\"link-more\"><a href=\"https:\/\/fusspraxis-freiamt-seetal.ch\/index.php\/tamponieren\/\" class=\"more-link\">Continue reading<span class=\"screen-reader-text\"> &ldquo;Tamponieren&rdquo;<\/span>&hellip;<\/a><\/div>\n","protected":false},"author":1,"featured_media":450,"parent":0,"menu_order":0,"comment_status":"closed","ping_status":"closed","template":"","meta":{"footnotes":""},"class_list":["post-189","page","type-page","status-publish","has-post-thumbnail","hentry","entry"],"_links":{"self":[{"href":"https:\/\/fusspraxis-freiamt-seetal.ch\/index.php\/wp-json\/wp\/v2\/pages\/189","targetHints":{"allow":["GET"]}}],"collection":[{"href":"https:\/\/fusspraxis-freiamt-seetal.ch\/index.php\/wp-json\/wp\/v2\/pages"}],"about":[{"href":"https:\/\/fusspraxis-freiamt-seetal.ch\/index.php\/wp-json\/wp\/v2\/types\/page"}],"author":[{"embeddable":true,"href":"https:\/\/fusspraxis-freiamt-seetal.ch\/index.php\/wp-json\/wp\/v2\/users\/1"}],"replies":[{"embeddable":true,"href":"https:\/\/fusspraxis-freiamt-seetal.ch\/index.php\/wp-json\/wp\/v2\/comments?post=189"}],"version-history":[{"count":0,"href":"https:\/\/fusspraxis-freiamt-seetal.ch\/index.php\/wp-json\/wp\/v2\/pages\/189\/revisions"}],"wp:featuredmedia":[{"embeddable":true,"href":"https:\/\/fusspraxis-freiamt-seetal.ch\/index.php\/wp-json\/wp\/v2\/media\/450"}],"wp:attachment":[{"href":"https:\/\/fusspraxis-freiamt-seetal.ch\/index.php\/wp-json\/wp\/v2\/media?parent=189"}],"curies":[{"name":"wp","href":"https:\/\/api.w.org\/{rel}","templated":true}]}}