{"id":183,"date":"2019-06-18T09:48:08","date_gmt":"2019-06-18T08:48:08","guid":{"rendered":"http:\/\/preflight.fusspraxis-hitzkirch.ch\/?page_id=183"},"modified":"2019-06-18T09:58:26","modified_gmt":"2019-06-18T08:58:26","slug":"behandlung-eingewachsener-nagel","status":"publish","type":"page","link":"https:\/\/fusspraxis-freiamt-seetal.ch\/index.php\/behandlung-eingewachsener-nagel\/","title":{"rendered":"Behandlung eingewachsener N\u00e4gel"},"content":{"rendered":"\n<p>Bei einem eingewachsenen Nagel werden die Nagelkanten begradigt, st\u00f6rende Nagelteile und Verhornungen im Nagelfalz entfernt, um den Schmerz schnell zu lindern oder zu beseitigen und Entz\u00fcndungen vorzubeugen. Durch das anschlie\u00dfende Legen einer Tamponade kann verhindert werden, dass die Beschwerden fortschreiten oder chronisch werden.<\/p>\n\n\n\n<p><\/p>\n","protected":false},"excerpt":{"rendered":"<div class=\"entry-summary\">\nBei einem eingewachsenen Nagel werden die Nagelkanten begradigt, st\u00f6rende Nagelteile und Verhornungen im Nagelfalz entfernt, um den Schmerz schnell zu&hellip;\n<\/div>\n<div class=\"link-more\"><a href=\"https:\/\/fusspraxis-freiamt-seetal.ch\/index.php\/behandlung-eingewachsener-nagel\/\" class=\"more-link\">Continue reading<span class=\"screen-reader-text\"> &ldquo;Behandlung eingewachsener N\u00e4gel&rdquo;<\/span>&hellip;<\/a><\/div>\n","protected":false},"author":1,"featured_media":0,"parent":0,"menu_order":0,"comment_status":"closed","ping_status":"closed","template":"","meta":{"footnotes":""},"class_list":["post-183","page","type-page","status-publish","hentry","entry"],"_links":{"self":[{"href":"https:\/\/fusspraxis-freiamt-seetal.ch\/index.php\/wp-json\/wp\/v2\/pages\/183","targetHints":{"allow":["GET"]}}],"collection":[{"href":"https:\/\/fusspraxis-freiamt-seetal.ch\/index.php\/wp-json\/wp\/v2\/pages"}],"about":[{"href":"https:\/\/fusspraxis-freiamt-seetal.ch\/index.php\/wp-json\/wp\/v2\/types\/page"}],"author":[{"embeddable":true,"href":"https:\/\/fusspraxis-freiamt-seetal.ch\/index.php\/wp-json\/wp\/v2\/users\/1"}],"replies":[{"embeddable":true,"href":"https:\/\/fusspraxis-freiamt-seetal.ch\/index.php\/wp-json\/wp\/v2\/comments?post=183"}],"version-history":[{"count":0,"href":"https:\/\/fusspraxis-freiamt-seetal.ch\/index.php\/wp-json\/wp\/v2\/pages\/183\/revisions"}],"wp:attachment":[{"href":"https:\/\/fusspraxis-freiamt-seetal.ch\/index.php\/wp-json\/wp\/v2\/media?parent=183"}],"curies":[{"name":"wp","href":"https:\/\/api.w.org\/{rel}","templated":true}]}}