{"id":172,"date":"2019-06-18T09:03:56","date_gmt":"2019-06-18T08:03:56","guid":{"rendered":"http:\/\/preflight.fusspraxis-hitzkirch.ch\/?page_id=172"},"modified":"2019-07-04T13:48:43","modified_gmt":"2019-07-04T12:48:43","slug":"fusspilz-tina-pedis","status":"publish","type":"page","link":"https:\/\/fusspraxis-freiamt-seetal.ch\/index.php\/begriffe\/fusspilz-tina-pedis\/","title":{"rendered":"Fusspilz (Tinea pedis)"},"content":{"rendered":"\n<p>Eine Fusspilzerkrankung heilt nicht von allein und muss behandelt werden. Die \u00dcbertragung von Fusspilz (Tinea pedis) erfolgt von Mensch zu Mensch durch direkte oder indirekte Schmier- und Kontaktinfektion. Wird Fusspilz nicht konsequent behandelt, besteht das Risiko der Ausbreitung der Pilzinfektion mit den entsprechenden Konsequenzen.<\/p>\n\n\n\n<p>Die Pilzinfektion kann sich auf den gesamten Fuss, die Fussn\u00e4gel (Nagelpilz) und auf andere Haut- und K\u00f6rperbereiche ausbreiten. Ganz besonders in den K\u00f6rperregionen, in denen ein feucht-warmes Milieu herrscht.<\/p>\n\n\n\n<p>Eine weitere m\u00f6gliche Folge ist die Entstehung von Infektionen, da durch die Besiedlung mit Pilzen, die nat\u00fcrliche Abwehrreaktion der Haut gesch\u00e4digt werden kann, so dass Bakterien und Viren in die Haut eindringen und zu Entz\u00fcndungen f\u00fchren k\u00f6nnen.<\/p>\n\n\n\n<h3 class=\"wp-block-heading\">Symptome f\u00fcr Fusspilz<\/h3>\n\n\n\n<ul class=\"wp-block-list\"><li>weissliche, aufgequollene oder n\u00e4ssende Haut<\/li><li>R\u00f6tung, Schuppung der infizierten Hautstellen<\/li><li>Bildung von Blasen oder Pusteln<\/li><li>Brennen<\/li><li>Juckreiz<\/li><li>Unangenehmer Geruch<\/li><\/ul>\n\n\n\n<h3 class=\"wp-block-heading\">Erscheinungsformen von Fusspilz<\/h3>\n\n\n\n<ul class=\"wp-block-list\"><li>interdigitale Form<br>Zwischen den Zehen meist 4. und 5. Zeh. Im Anfangsstadium feuchte aufgeweichte Haut, Juckreiz. Im weiteren Verlauf k\u00f6nnen betroffene Hautbereiche schuppig werden, sich kleine Bl\u00e4schen oder Pusteln bilden, Hautrisse, unangenehmer Geruch.<\/li><li>squam\u00f6s-hyperkeratorische Form<br>Beginnt an den Fusssohlen und breitet sich auf Fussr\u00fccken und Fusskanten aus. Im Anfangsstadium verst\u00e4rkte Trockenheit und Schuppung der Haut. Im Verlauf der Erkrankung kommt es zur \u00fcberm\u00e4\u00dfigen Verhornung und zur Entstehung von Hautrissen besonders an den Fersen. H\u00e4ufig wird diese Form von Fusspilz nicht erkannt.<\/li><li>vesikul\u00e4s-dyshidrotische Form<br>Ausgangspunkt meist im Bereich des Fussgew\u00f6lbes und der Fusskanten. Es bilden sich kleine mit Fl\u00fcssigkeit gef\u00fcllte Bl\u00e4schen, die aufgrund der Hornschicht nicht aufgehen sondern eintrocknen. Spannungsgef\u00fchl und Juckreiz der Haut.<\/li><\/ul>\n\n\n\n<p>Um die Diagnose Fusspilz eindeutig feststellen zu k\u00f6nnen, ist ein mikroskopischer Nachweis des Erregers im Nativpr\u00e4parat durch einen Facharzt erforderlich. F\u00fcr eine erfolgreiche Behandlung ist es wichtig zu wissen, um welchen Fusspilz-Erreger&nbsp; (Dermatophyten, Hefepilz oder Schimmelpilz) es sich handelt. Daher sollte eine Pilzkultur angelegt werden, um den Erreger genau bestimmen zu k\u00f6nnen. Bis dann ein genaues Untersuchungsergebnis vorliegt, kann es je nach Pilzart, einige Tage oder auch Wochen dauern.<\/p>\n\n\n\n<h3 class=\"wp-block-heading\">Faktoren, die einem Befall mit Fusspilz beg\u00fcnstigen k\u00f6nnen<\/h3>\n\n\n\n<ul class=\"wp-block-list\"><li>Famili\u00e4re Disposition<\/li><li>Diabetes mellitus<\/li><li>Durchblutungsst\u00f6rungen<\/li><li>Geschw\u00e4chtes Immunsystem<\/li><li>Hautverletzungen<\/li><\/ul>\n\n\n\n<p>Bei der Behandlung von Fu\u00dfpilz werden in der Regel Antimykotika verabreicht. Welche Antimykotika angewendet werden, ist abh\u00e4ngig vom Ausmass der Pilzinfektion.<\/p>\n\n\n\n<h3 class=\"wp-block-heading\">Arten von Antimykotika<\/h3>\n\n\n\n<ul class=\"wp-block-list\"><li>fungistatischen Antimykotika<br>Hemmen das Wachstum und die Vermehrung der Erreger<\/li><li>fungiziden Antimykotika<br>Gezielte Abt\u00f6tung von Pilzerregern<\/li><\/ul>\n\n\n\n<p>Antimykotika werden \u00e4usserlich (z. B. Salben, Sprays, Tinkturen ) oder in Form von Tabletten verabreicht. Antimykotika gibt es mit verschiedenen Wirkstoffen. Je nach Wirkungsspektrum wird dabei unterschieden in Schmalspektrum- und Breitspektrum-Antimykotika:<\/p>\n\n\n\n<ul class=\"wp-block-list\"><li>Schmalspektrum-Antimykotika<br>Sind nur bei einer geringen Zahl von Fusspilz-Erregern wirksam. Vor der Anwendung von Antimykotika muss daher die genaue Pilzart festgestellt werden.<\/li><li>Breitspektrum-Antimykotika<br>Bek\u00e4mpfen mehrere Pilzarten gleichzeitig und k\u00f6nnen bei einer Vielzahl unterschiedlicher Fusspilz-Erreger eingesetzt werden.<\/li><\/ul>\n\n\n\n<h3 class=\"wp-block-heading\">Eine konsequente Fusspflege und sorgf\u00e4ltige Hygiene sind w\u00e4hrend einer Fusspilzerkrankung ganz besonders wichtig<\/h3>\n\n\n\n<ul class=\"wp-block-list\"><li>Nach dem Baden oder Duschen F\u00fcsse immer gr\u00fcndlich abtrocknen<\/li><li>Bei der \u00e4usserichen Anwendung von Fusspilzmitteln warten bis diese vollst\u00e4ndig eingezogen sind bevor Str\u00fcmpfe und Schuhe angezogen werden.<\/li><li>W\u00e4hrend und kurz nach der Fusspilzbehandlung darauf achten, dass die F\u00fcsse nicht zu lange feucht oder schwitzig sind.<\/li><li>Str\u00fcmpfe aus nat\u00fcrlichen atmungsaktiven Materialien tragen.<\/li><li>T\u00e4glich Str\u00fcmpfe wechseln \u2013 bei mindestens 60 Grad waschen.<\/li><li>F\u00fcsse mit einem separaten Handtuch abtrocknen.<\/li><li>Handt\u00fccher und Bettw\u00e4sche h\u00e4ufiger als gew\u00f6hnlich wechseln.<\/li><li>Zum Waschen der W\u00e4sche Hygienewaschmittel benutzen.<\/li><li>Schuhe nach dem Tragen gut ausl\u00fcften und trocknen lassen.<\/li><li>Schuhe t\u00e4glich mit einem Antipilzmittel\/Fungiziden Desinfektionsmittel desinfizieren.<\/li><li>Sind Familienmitglieder von Fusspilz betroffen zu Hause nicht barfuss laufen und nicht dieselben Handt\u00fccher benutzen.<\/li><\/ul>\n\n\n\n<p><\/p>\n","protected":false},"excerpt":{"rendered":"<div class=\"entry-summary\">\nEine Fusspilzerkrankung heilt nicht von allein und muss behandelt werden. Die \u00dcbertragung von Fusspilz (Tinea pedis) erfolgt von Mensch zu&hellip;\n<\/div>\n<div class=\"link-more\"><a href=\"https:\/\/fusspraxis-freiamt-seetal.ch\/index.php\/begriffe\/fusspilz-tina-pedis\/\" class=\"more-link\">Continue reading<span class=\"screen-reader-text\"> &ldquo;Fusspilz (Tinea pedis)&rdquo;<\/span>&hellip;<\/a><\/div>\n","protected":false},"author":1,"featured_media":453,"parent":130,"menu_order":0,"comment_status":"closed","ping_status":"closed","template":"","meta":{"footnotes":""},"class_list":["post-172","page","type-page","status-publish","has-post-thumbnail","hentry","entry"],"_links":{"self":[{"href":"https:\/\/fusspraxis-freiamt-seetal.ch\/index.php\/wp-json\/wp\/v2\/pages\/172","targetHints":{"allow":["GET"]}}],"collection":[{"href":"https:\/\/fusspraxis-freiamt-seetal.ch\/index.php\/wp-json\/wp\/v2\/pages"}],"about":[{"href":"https:\/\/fusspraxis-freiamt-seetal.ch\/index.php\/wp-json\/wp\/v2\/types\/page"}],"author":[{"embeddable":true,"href":"https:\/\/fusspraxis-freiamt-seetal.ch\/index.php\/wp-json\/wp\/v2\/users\/1"}],"replies":[{"embeddable":true,"href":"https:\/\/fusspraxis-freiamt-seetal.ch\/index.php\/wp-json\/wp\/v2\/comments?post=172"}],"version-history":[{"count":0,"href":"https:\/\/fusspraxis-freiamt-seetal.ch\/index.php\/wp-json\/wp\/v2\/pages\/172\/revisions"}],"up":[{"embeddable":true,"href":"https:\/\/fusspraxis-freiamt-seetal.ch\/index.php\/wp-json\/wp\/v2\/pages\/130"}],"wp:featuredmedia":[{"embeddable":true,"href":"https:\/\/fusspraxis-freiamt-seetal.ch\/index.php\/wp-json\/wp\/v2\/media\/453"}],"wp:attachment":[{"href":"https:\/\/fusspraxis-freiamt-seetal.ch\/index.php\/wp-json\/wp\/v2\/media?parent=172"}],"curies":[{"name":"wp","href":"https:\/\/api.w.org\/{rel}","templated":true}]}}