{"id":168,"date":"2019-06-18T08:53:52","date_gmt":"2019-06-18T07:53:52","guid":{"rendered":"http:\/\/preflight.fusspraxis-hitzkirch.ch\/?page_id=168"},"modified":"2019-07-02T22:59:01","modified_gmt":"2019-07-02T21:59:01","slug":"nagelpilz-diagnose","status":"publish","type":"page","link":"https:\/\/fusspraxis-freiamt-seetal.ch\/index.php\/begriffe\/nagelpilz-diagnose\/","title":{"rendered":"Nagelpilz Diagnose"},"content":{"rendered":"\n<h3 class=\"wp-block-heading\">F\u00fcr die erfolgreiche Behandlung von Nagelpilz ist eine genaue Diagnose unumg\u00e4nglich<\/h3>\n\n\n\n<p>Die Feststellung Nagelpilz kann auch f\u00fcr den erfahrenen Arzt nicht ganz unproblematisch sein. Zu den Nagelerkrankungen, die mit \u00bb&nbsp;<a href=\"http:\/\/preflight.fusspraxis-hitzkirch.ch\/index.php\/begriffe\/nagelpilz\/\" target=\"_blank\" rel=\"noreferrer noopener\" aria-label=\" (opens in a new tab)\">Nagelpilz<\/a>&nbsp;verwechselt werden k\u00f6nnen, geh\u00f6ren z. B. Ekzemn\u00e4gel, Nagelpsoriasis, durch Druck bedingte Nagelverletzungen oder erworbene Nageldystrophie.<\/p>\n\n\n\n<h3 class=\"wp-block-heading\">Eine gewissenhafte Untersuchung ist signifikant<\/h3>\n\n\n\n<p>Eine zuverl\u00e4ssige Nagelpilz Diagnose ist prinzipiell nicht durch blossen Augenschein oder Mikroskopuntersuchung m\u00f6glich. Von einem exakten Befund kann erst dann gesprochen werden, wenn der Erreger nach Art und Gattung identifiziert ist. Je genauer das Ergebnis, desto besser kann die \u00bb&nbsp;Nagelpilz-Infektion&nbsp;behandelt werden.<\/p>\n\n\n\n<h3 class=\"wp-block-heading\">Eine pr\u00e4zise Nagelpilz Diagnose erh\u00f6ht den Behandlungserfolg<\/h3>\n\n\n\n<p>Durch die richtige Wahl des Wirkstoffes, seiner Darreichungsform, dies mindert das Risiko von Antimykotika Resistenzen. Um eine eindeutige Nagelpilz Diagnose zu erhalten ist meist eine Kombination mehrerer Testverfahren erforderlich.<\/p>\n\n\n\n<h3 class=\"wp-block-heading\">Zum Nachweis von Nagelpilz gibt es unterschiedliche Methoden<\/h3>\n\n\n\n<ul class=\"wp-block-list\"><li>Klinische Inspektion<br>(Der Arzt kann hier Nagelpilz nur in Form einer Verdachtsdiagnose feststellen. Ein Verdacht ist keine fundierte Diagnose. Es kann passieren, dass Nagelerkrankungen f\u00fcr eine Mykose gehalten werden, die keine sind.)<\/li><li>Nativdiagnostik<br>(Mikroskopische Untersuchung eines Nativpr\u00e4parates. Das positive Nativpr\u00e4parat gibt keine Aussage bez\u00fcglich der Art des Pilzes und kann auch falsch sein. Daher ist die kulturelle Sicherung anzustreben.)<\/li><li>Kulturelle Erreger Anz\u00fcchtung<br>(Erregernachweis durch Anz\u00fcchten einer Pilzkultur aus dem Nagelmaterial. Zu identifizieren ist der Erreger in der Kultur. Die Kultur sollte auf wenigsten zwei unterschiedlichen N\u00e4hrb\u00f6den erfolgen.)<\/li><li>Differenzialdiagnose<br>(Dabei schlie\u00dft der Arzt systematisch andere m\u00f6gliche Ursachen f\u00fcr die Krankheitssymptome des Nagels aus. Ursache f\u00fcr eine Nagelver\u00e4nderung k\u00f6nnen auch andere Nagelerkrankungen sein.)<\/li><\/ul>\n\n\n\n<p>Probleme bei der Anz\u00fcchtung einer Pilzkultur k\u00f6nnen sich bei einer bereits erfolgten \u00e4usserlichen Vorbehandlung mit einem Antimykotikum ergeben. Der Pilz kann dann erst nach mehrw\u00f6chiger Behandlungspause nachgewiesen werden.<\/p>\n\n\n\n<p>In diesen F\u00e4llen empfiehlt sich eine mikroskopische Untersuchung eines Nativpr\u00e4parates und ein histologischer Erregernachweis (Gewebeprobe). Auch ist ein molekularbiologischer Erregernachweis durch Polymerase-Kettenreaktion (PCR) m\u00f6glich. Das Ergebnis liegt meist schon nach wenigen Tagen vor.<\/p>\n\n\n\n<p><\/p>\n","protected":false},"excerpt":{"rendered":"<div class=\"entry-summary\">\nF\u00fcr die erfolgreiche Behandlung von Nagelpilz ist eine genaue Diagnose unumg\u00e4nglich Die Feststellung Nagelpilz kann auch f\u00fcr den erfahrenen Arzt&hellip;\n<\/div>\n<div class=\"link-more\"><a href=\"https:\/\/fusspraxis-freiamt-seetal.ch\/index.php\/begriffe\/nagelpilz-diagnose\/\" class=\"more-link\">Continue reading<span class=\"screen-reader-text\"> &ldquo;Nagelpilz Diagnose&rdquo;<\/span>&hellip;<\/a><\/div>\n","protected":false},"author":1,"featured_media":468,"parent":130,"menu_order":0,"comment_status":"closed","ping_status":"closed","template":"","meta":{"footnotes":""},"class_list":["post-168","page","type-page","status-publish","has-post-thumbnail","hentry","entry"],"_links":{"self":[{"href":"https:\/\/fusspraxis-freiamt-seetal.ch\/index.php\/wp-json\/wp\/v2\/pages\/168","targetHints":{"allow":["GET"]}}],"collection":[{"href":"https:\/\/fusspraxis-freiamt-seetal.ch\/index.php\/wp-json\/wp\/v2\/pages"}],"about":[{"href":"https:\/\/fusspraxis-freiamt-seetal.ch\/index.php\/wp-json\/wp\/v2\/types\/page"}],"author":[{"embeddable":true,"href":"https:\/\/fusspraxis-freiamt-seetal.ch\/index.php\/wp-json\/wp\/v2\/users\/1"}],"replies":[{"embeddable":true,"href":"https:\/\/fusspraxis-freiamt-seetal.ch\/index.php\/wp-json\/wp\/v2\/comments?post=168"}],"version-history":[{"count":0,"href":"https:\/\/fusspraxis-freiamt-seetal.ch\/index.php\/wp-json\/wp\/v2\/pages\/168\/revisions"}],"up":[{"embeddable":true,"href":"https:\/\/fusspraxis-freiamt-seetal.ch\/index.php\/wp-json\/wp\/v2\/pages\/130"}],"wp:featuredmedia":[{"embeddable":true,"href":"https:\/\/fusspraxis-freiamt-seetal.ch\/index.php\/wp-json\/wp\/v2\/media\/468"}],"wp:attachment":[{"href":"https:\/\/fusspraxis-freiamt-seetal.ch\/index.php\/wp-json\/wp\/v2\/media?parent=168"}],"curies":[{"name":"wp","href":"https:\/\/api.w.org\/{rel}","templated":true}]}}