{"id":166,"date":"2019-06-18T08:48:16","date_gmt":"2019-06-18T07:48:16","guid":{"rendered":"http:\/\/preflight.fusspraxis-hitzkirch.ch\/?page_id=166"},"modified":"2019-07-02T23:06:20","modified_gmt":"2019-07-02T22:06:20","slug":"nagelpilz","status":"publish","type":"page","link":"https:\/\/fusspraxis-freiamt-seetal.ch\/index.php\/begriffe\/nagelpilz\/","title":{"rendered":"Nagelpilz"},"content":{"rendered":"\n<h3 class=\"wp-block-heading\">Onychomykose Nagelpilz-Erkankung<\/h3>\n\n\n\n<p>Eine ansteckende Pilzinfektion der Zehen- oder Fingern\u00e4gel. (Onycho= Nagel, Mykose= Pilzinfektion). Zehenn\u00e4gel sind h\u00e4ufiger betroffen als Fingern\u00e4gel.<\/p>\n\n\n\n<h3 class=\"wp-block-heading\">Symptome f\u00fcr Nagelpilz<\/h3>\n\n\n\n<ul class=\"wp-block-list\"><li>Glanzlosigkeit des Nagels<\/li><li>Nagelverf\u00e4rbungen (weisslich-gelblich oder grau-braun)<\/li><li>Ver\u00e4nderung der Nagelstruktur<\/li><li>Verdickung des Nagels<\/li><li>Zerbr\u00f6ckeln\/Abl\u00f6sen des Nagels<\/li><\/ul>\n\n\n\n<h3 class=\"red wp-block-heading\">Nagelpilz heilt <em>niemals<\/em> von allein<\/h3>\n\n\n\n<p>Der Nagelpilz ist eine \u00fcbertragbare Infektion und muss behandelt werden.&nbsp;Nagelpilz heilt nicht von allein und ist eine anhaltende Infektionsquelle. Personen z. B. mit Diabetes mellitus, Durchblutungsst\u00f6rungen, Immunschw\u00e4chen, Nagelekzemen oder Nagelpsoriasis sind f\u00fcr Nagelpilzerkrankungen anf\u00e4lliger.<\/p>\n\n\n\n<h3 class=\"wp-block-heading\">Erfolgt keine Behandlung schreitet die Nagelpilzinfektion immer weiter fort<\/h3>\n\n\n\n<p>M\u00f6gliche Folgen: Onycholysis (Ausfallen des Nagels), Zerst\u00f6rung des Nagelbettes, Befall weiterer N\u00e4gel. Die Zerst\u00f6rung des Nagels kann auch eine Eintrittsforte f\u00fcr weitere Komplikationen z. B. bakterielle Infektionen werden.<\/p>\n\n\n\n<h3 class=\"wp-block-heading\">&nbsp;Arten von Nagelpilz<\/h3>\n\n\n\n<ul class=\"wp-block-list\"><li>Distolaterale subunguale Onychomykose<br>Der Nagelpilz breitet sich von der Nagelspitze zur Nagelwurzel aus. Es bildet sich eine starke Verhornung, der Nagel verf\u00e4rbt sich.<\/li><li>Proximale subunguale Onychomykose<br>Der Nagepilz breitet sich von der Seite aus. Die Infektion erfolgt \u00fcber die Haut des Nagelwalls und greift \u00fcber das Hyponychium auf die Nagelmatrix. Von dort gelangen die Pilzerreger in die Nagelplatte und wachsen weiter nach vorn.<\/li><li>Leukonychia trichophytica<br>Oberfl\u00e4chliche Pilzinfektion \u2013 Weissf\u00e4rbung des Nagels. Der Nagelpilz infiziert die oberen Schichten des Nagelkeratins.<\/li><li>Dystrophische Onychomykose<br>V\u00f6llige Zerst\u00f6rung des Nagels. Der Nagel wird in Aufbau und Funktion gesch\u00e4digt und ver\u00e4ndert. Dies kann das Endstadium einer lang anhaltenden Nagelpilzinfektion sein.<\/li><li>Onychia et Paronychia candidosa<br>Onychia = Entz\u00fcndung des Nagelbett \u2013 Paronychia = Entz\u00fcndung des Nagelumlaufs. H\u00e4lt die Infektion l\u00e4nger an, kann es zur Sch\u00e4digung der Nagelmatrix kommen. Der Nagel kann sich gr\u00fcnlich bis ins br\u00e4unliche verf\u00e4rben.<\/li><\/ul>\n\n\n\n<p>Zeigen sich erste Anzeichen, die auf eine Nagelpilzerkrankung hinweisen, sollte ein Facharzt aufgesucht werden. Ohne eine genaue Untersuchung kann die \u00bb&nbsp;<a rel=\"noreferrer noopener\" aria-label=\" (opens in a new tab)\" href=\"http:\/\/www\" target=\"_blank\">Diagnose Nagelpilz<\/a>&nbsp;nicht sicher gestellt werden. Der Pilzerreger Nachweis ist f\u00fcr eine eindeutige Diagnose und erfolgreiche \u00bb&nbsp;<a href=\"http:\/\/www\" target=\"_blank\" rel=\"noreferrer noopener\" aria-label=\" (opens in a new tab)\">Behandlung<\/a>&nbsp;wichtig. Ist ein Nagelpilz vorhanden, wird der Arzt eine entsprechende Behandlung einleiten.<\/p>\n\n\n\n<h3 class=\"wp-block-heading\">Nagelpilzbehandlungen<\/h3>\n\n\n\n<p>Welche Behandlungsart in Frage kommt ist u. a. abh\u00e4ngig vom Umfang und der Ausbreitung der Nagelpilzerkrankung.<\/p>\n\n\n\n<ul class=\"wp-block-list\"><li>Lokale Behandlung ( z. B. mit&nbsp; antimykotischen Nagellackpr\u00e4paraten, Salben, Cremes, Tinkturen)<\/li><li>Systemische Behandlung (Tabletten, Kapseln)<br>Mittel der Wahl wenn mehr als 50 % eines Nagels oder mehr als drei N\u00e4gel befallen sind.<\/li><li>Kombination aus lokaler und systemischer Behandlung<\/li><li>Laser b.z.w. IPL Behandlung<br>Mittel der Wahl wenn weniger als 20 % des betroffenen Nagels befallen ist.<\/li><\/ul>\n\n\n\n<p>Ein rechtzeitiger Behandlungsbeginn ist f\u00fcr den Therapieerfolg wichtig. Je weiter die Pilzinfektion fortgeschritten ist, desto schwieriger und langwieriger ist eine Therapiemassnahme. Erfolgt keine Behandlung kann der Nagelpilz den kompletten Nagel zerst\u00f6ren. Eine umgehende Behandlung ist ausserdem signifikant wichtig, um einen \u00dcbergriff des Nagelpilzes auf die Haut und somit Hautpilz zu vermeiden. Nagelpilz heilt nicht von selbst, ist ansteckend und stellt eine Infektionsquelle f\u00fcr Mitmenschen dar.<\/p>\n\n\n\n<h3 class=\"wp-block-heading\">Med. Fusspflege zur Unterst\u00fctzung bei der Nagelpilzbehandlung<\/h3>\n\n\n\n<p>Bei der Medizinischen Fusspflegebehandlung von Nagelpilz sollte das infizierte Nagelmaterial in regelm\u00e4ssigen Abst\u00e4nden entfernt und gereinigt werden. Das Eindringen von Wirksubstanzen bei der Nagelpilzbehandlung kann so erleichtert werden und die entsprechenden Mittel gegen Nagelpilz k\u00f6nnen besser wirken.<\/p>\n\n\n\n<p>Das Abtragen und Reinigen des befallenen Nagels wird so lange wiederholt, bis kein erkranktes Nagelmaterial mehr nachw\u00e4chst. Hinzu kommt, dass die Nagelpilzbehandlung nur erfolgreich sein kann, wenn der Betroffene die ihm empfohlenen Mittel regelm\u00e4ssig und gr\u00fcndlich anwendet.<\/p>\n\n\n\n<p>Die Dauer der Nagelpilz-Behandlung ist vom Nagelwachstum abh\u00e4ngig und dauert in der Regel etwa 6 bis 12 Monate und l\u00e4nger. Erst wenn ein vollst\u00e4ndig gesunder Nagel nachgewachsen ist und eine erneut anzulegende Pilzkultur den Behandlungserfolg best\u00e4tigt, sollte die Behandlung beendet werden. Wird die Behandlung nur sporadisch und unregelm\u00e4ssig durchgef\u00fchrt oder vorzeitig abgebrochen gef\u00e4hrdet das den Behandlungserfolg und der Pilz kann ungehindert weiter Schaden anrichten.<\/p>\n\n\n\n<h3 class=\"wp-block-heading\">Risikofaktoren Nagelpilz<\/h3>\n\n\n\n<ul class=\"wp-block-list\"><li>Feucht-warmes Schuhmilieu<\/li><li>Luftundurchl\u00e4ssige Schuhe<\/li><li>Synthetische Socken\/Str\u00fcmpfe<\/li><li>Zu enge Schuhe<\/li><li>Verletzungen am Nagel<\/li><li>Barfuss laufen auf kontaminierten B\u00f6den (z. B. in \u00f6ffentlichen Umkleiden, Sauna, Schwimmbad, Schuhanproben im Schuhaus)<\/li><\/ul>\n\n\n\n<p><\/p>\n","protected":false},"excerpt":{"rendered":"<div class=\"entry-summary\">\nOnychomykose Nagelpilz-Erkankung Eine ansteckende Pilzinfektion der Zehen- oder Fingern\u00e4gel. (Onycho= Nagel, Mykose= Pilzinfektion). Zehenn\u00e4gel sind h\u00e4ufiger betroffen als Fingern\u00e4gel. Symptome&hellip;\n<\/div>\n<div class=\"link-more\"><a href=\"https:\/\/fusspraxis-freiamt-seetal.ch\/index.php\/begriffe\/nagelpilz\/\" class=\"more-link\">Continue reading<span class=\"screen-reader-text\"> &ldquo;Nagelpilz&rdquo;<\/span>&hellip;<\/a><\/div>\n","protected":false},"author":1,"featured_media":469,"parent":130,"menu_order":0,"comment_status":"closed","ping_status":"closed","template":"","meta":{"footnotes":""},"class_list":["post-166","page","type-page","status-publish","has-post-thumbnail","hentry","entry"],"_links":{"self":[{"href":"https:\/\/fusspraxis-freiamt-seetal.ch\/index.php\/wp-json\/wp\/v2\/pages\/166","targetHints":{"allow":["GET"]}}],"collection":[{"href":"https:\/\/fusspraxis-freiamt-seetal.ch\/index.php\/wp-json\/wp\/v2\/pages"}],"about":[{"href":"https:\/\/fusspraxis-freiamt-seetal.ch\/index.php\/wp-json\/wp\/v2\/types\/page"}],"author":[{"embeddable":true,"href":"https:\/\/fusspraxis-freiamt-seetal.ch\/index.php\/wp-json\/wp\/v2\/users\/1"}],"replies":[{"embeddable":true,"href":"https:\/\/fusspraxis-freiamt-seetal.ch\/index.php\/wp-json\/wp\/v2\/comments?post=166"}],"version-history":[{"count":0,"href":"https:\/\/fusspraxis-freiamt-seetal.ch\/index.php\/wp-json\/wp\/v2\/pages\/166\/revisions"}],"up":[{"embeddable":true,"href":"https:\/\/fusspraxis-freiamt-seetal.ch\/index.php\/wp-json\/wp\/v2\/pages\/130"}],"wp:featuredmedia":[{"embeddable":true,"href":"https:\/\/fusspraxis-freiamt-seetal.ch\/index.php\/wp-json\/wp\/v2\/media\/469"}],"wp:attachment":[{"href":"https:\/\/fusspraxis-freiamt-seetal.ch\/index.php\/wp-json\/wp\/v2\/media?parent=166"}],"curies":[{"name":"wp","href":"https:\/\/api.w.org\/{rel}","templated":true}]}}