{"id":163,"date":"2019-06-18T08:30:49","date_gmt":"2019-06-18T07:30:49","guid":{"rendered":"http:\/\/preflight.fusspraxis-hitzkirch.ch\/?page_id=163"},"modified":"2019-07-04T13:46:41","modified_gmt":"2019-07-04T12:46:41","slug":"keilexzision-emmert-plastik","status":"publish","type":"page","link":"https:\/\/fusspraxis-freiamt-seetal.ch\/index.php\/begriffe\/keilexzision-emmert-plastik\/","title":{"rendered":"Keilexzision\/Emmert-Plastik"},"content":{"rendered":"\n<p>F\u00fcr eine operative Behandlung eingewachsener N\u00e4gel gibt es verschiedene Methoden: Phenolkaustik, Emmert-Plastik bzw. Emmert-Keilexzision und die Exzision der Wachstumszone.<\/p>\n\n\n\n<p>Bei der Behandlung von \u00bb&nbsp;<a href=\"http:\/\/preflight.fusspraxis-hitzkirch.ch\/index.php\/begriffe\/eingewachsener-fussnagel\/\" target=\"_blank\" rel=\"noreferrer noopener\" aria-label=\" (opens in a new tab)\">eingewachsenen N\u00e4geln<\/a>&nbsp;wird oft unkritisch ein chirurgischer Eingriff durchgef\u00fchrt. Dies f\u00fchrt h\u00e4ufig zu <strong>entstellenden<\/strong> \u00e4sthetischen Ergebnissen und auch zu Rezidiven. Eine Operation ist meist mit Schmerzen verbunden, birgt einige Risiken und einen l\u00e4ngeren Genesungsweg.<\/p>\n\n\n\n<h3 class=\"wp-block-heading\">Keilexzision\/Emmert-Plastik \u2013 M\u00f6gliche Risiken<\/h3>\n\n\n\n<ul class=\"wp-block-list\"><li>Wundheilungsst\u00f6rungen<\/li><li>Infektionen<\/li><li>Erneutes Einwachsen des Nagels<\/li><li>Wachstumsst\u00f6rungen<\/li><li>\u00c4sthetisch unbefriedigende Narbenbildung<\/li><li>Spaltnagelbildung und erneute Operation<\/li><\/ul>\n\n\n\n<p>Ein chirurgischer Eingriff w\u00e4re bei fr\u00fchzeitiger Reaktion des Betroffenen in vielen F\u00e4llen vermeidbar, wenn rechtzeitig mit einer Behandlung begonnen wird. Oft wird solange gewartet bis die Entz\u00fcndung ein fortgeschrittenes Stadium erreicht, so dass sich ein chirurgischer Eingriff dann nicht mehr umgehen l\u00e4sst.<\/p>\n\n\n\n<p>Wenn die Neigung zu \u00bb&nbsp;eingewachsenen N\u00e4geln&nbsp;besteht, sollte beizeiten mit einer konservativen Behandlung begonnen werden, um Schlimmeres zu vermeiden. Bei ersten Schmerzanzeichen unbedingt eine professionelle Fusspflege aufsuchen, damit die Ursache behoben werden kann.<\/p>\n\n\n\n<p>Erste Anzeichen sind z. B. ein leichter Druck, ein stechender Schmerz im Nagelfalz oder in der Nagelecke. Solange die Ursache nicht entfernt ist, wird das Problem weiter fort bestehen und zur Verschlimmerung f\u00fchren.<\/p>\n\n\n\n<h3 class=\"wp-block-heading\">Stadien eingewachsener Nagel<\/h3>\n\n\n\n<ul class=\"wp-block-list\"><li>Mit Schmerzen ohne Entz\u00fcndungsanzeichen.<\/li><li>Mit Entz\u00fcndungsanzeichen und Schmerzen, R\u00f6tung, Schwellung, Bewegungseinschr\u00e4nkung.<\/li><li>Eventuell eitrige Entz\u00fcndung.<\/li><li>Zus\u00e4tzlich wucherndes n\u00e4ssendes Granulationsgewebe.<\/li><\/ul>\n\n\n\n<h3 class=\"wp-block-heading\">Nagelkorrektur Spangen Behandlung \u2013 die Sanfte Alternative zur Operation<\/h3>\n\n\n\n<p>Eine schonende Alternative zur Operation ist eine \u00bb\u00a0<a rel=\"noreferrer noopener\" aria-label=\" (opens in a new tab)\" href=\"http:\/\/preflight.fusspraxis-hitzkirch.ch\/index.php\/nagelspangenbehandlung\/\" target=\"_blank\">Nagelspangen-Behandlung<\/a>. Nagelkorrekturspangen f\u00f6rdern und unterst\u00fctzen das nat\u00fcrliche Wachstum des Nagels. Der Nagel kann wieder in seiner Form gesund und schmerzfrei nachwachsen. Beschwerden und Schmerzen k\u00f6nnen wirksam gelindert und nachhaltig behoben werden. Welche Spangenart in Betracht kommt, ist abh\u00e4ngig vom Schweregrad des verformten Nagels.<\/p>\n\n\n\n<p><\/p>\n","protected":false},"excerpt":{"rendered":"<div class=\"entry-summary\">\nF\u00fcr eine operative Behandlung eingewachsener N\u00e4gel gibt es verschiedene Methoden: Phenolkaustik, Emmert-Plastik bzw. Emmert-Keilexzision und die Exzision der Wachstumszone. Bei&hellip;\n<\/div>\n<div class=\"link-more\"><a href=\"https:\/\/fusspraxis-freiamt-seetal.ch\/index.php\/begriffe\/keilexzision-emmert-plastik\/\" class=\"more-link\">Continue reading<span class=\"screen-reader-text\"> &ldquo;Keilexzision\/Emmert-Plastik&rdquo;<\/span>&hellip;<\/a><\/div>\n","protected":false},"author":1,"featured_media":460,"parent":130,"menu_order":0,"comment_status":"closed","ping_status":"closed","template":"","meta":{"footnotes":""},"class_list":["post-163","page","type-page","status-publish","has-post-thumbnail","hentry","entry"],"_links":{"self":[{"href":"https:\/\/fusspraxis-freiamt-seetal.ch\/index.php\/wp-json\/wp\/v2\/pages\/163","targetHints":{"allow":["GET"]}}],"collection":[{"href":"https:\/\/fusspraxis-freiamt-seetal.ch\/index.php\/wp-json\/wp\/v2\/pages"}],"about":[{"href":"https:\/\/fusspraxis-freiamt-seetal.ch\/index.php\/wp-json\/wp\/v2\/types\/page"}],"author":[{"embeddable":true,"href":"https:\/\/fusspraxis-freiamt-seetal.ch\/index.php\/wp-json\/wp\/v2\/users\/1"}],"replies":[{"embeddable":true,"href":"https:\/\/fusspraxis-freiamt-seetal.ch\/index.php\/wp-json\/wp\/v2\/comments?post=163"}],"version-history":[{"count":0,"href":"https:\/\/fusspraxis-freiamt-seetal.ch\/index.php\/wp-json\/wp\/v2\/pages\/163\/revisions"}],"up":[{"embeddable":true,"href":"https:\/\/fusspraxis-freiamt-seetal.ch\/index.php\/wp-json\/wp\/v2\/pages\/130"}],"wp:featuredmedia":[{"embeddable":true,"href":"https:\/\/fusspraxis-freiamt-seetal.ch\/index.php\/wp-json\/wp\/v2\/media\/460"}],"wp:attachment":[{"href":"https:\/\/fusspraxis-freiamt-seetal.ch\/index.php\/wp-json\/wp\/v2\/media?parent=163"}],"curies":[{"name":"wp","href":"https:\/\/api.w.org\/{rel}","templated":true}]}}