{"id":1248,"date":"2021-02-01T07:37:29","date_gmt":"2021-02-01T07:37:29","guid":{"rendered":"http:\/\/fusspraxis-freiamt-seetal.ch\/?page_id=1248"},"modified":"2022-01-04T15:13:33","modified_gmt":"2022-01-04T15:13:33","slug":"angebot-diabetische-fusspflege","status":"publish","type":"page","link":"https:\/\/fusspraxis-freiamt-seetal.ch\/index.php\/angebot-diabetische-fusspflege\/","title":{"rendered":"diabetische Fusspflege"},"content":{"rendered":"\n<p><strong>Ihre Therapeutin: <a href=\"http:\/\/sami-kosmetik.ch\/studio\/ueber-das-studio\/portrait\/\">Sandra Villiger<\/a><\/strong><br>Termine in Auw und Eschenbach m\u00f6glich.<\/p>\n\n\n\n<p>Ihren F\u00fcssen Gutes tun! Ohne unsere F\u00fcsse geht im wahrsten Sinn des Wortes nichts! Wenn diese ihren Dienst einstellen, sind wir komplett lahm gelegt.<\/p>\n\n\n\n<p>Trotzdem werden die F\u00fcsse oft str\u00e4flich vernachl\u00e4ssigt. Wir putzen zwar mehrmals t\u00e4glich unsere Z\u00e4hne, waschen uns die H\u00e4nde &#8211;&nbsp;aber bei den F\u00fcssen mangelt es an der Pflege. Wie anders ist die Statistik zu erkl\u00e4ren, dass jeder dritte Erwachsende an Fusspilz leidet?<\/p>\n\n\n\n<p><strong>Gesunde F\u00fcsse mit Diabetes<\/strong><br>Wer Diabetes hat, muss deshalb besonders auf seine F\u00fcsse achten. Nervensch\u00e4digungen und Durchblutungsst\u00f6rungen f\u00fchren dazu, dass das Gef\u00fchl in den F\u00fcssen verloren geht. Eine&nbsp;Fussverletzung wird&nbsp;so leider oft&nbsp;nicht rechtzeitig bemerkt. Auch die Bildung von Blasen durch zu enge oder schlecht sitzende Schuhe werden h\u00e4ufig zu sp\u00e4t erkannt.&nbsp;<\/p>\n\n\n\n<p><span class=\"has-inline-color has-vivid-red-color\"><strong>Es ist deshalb wichtig, bereits auf kleinste Ver\u00e4nderungen oder&nbsp;Verletzungen&nbsp;am Fuss zu achten und diese rasch&nbsp;behandeln zu lassen.&nbsp;<\/strong><\/span><\/p>\n\n\n\n<p><strong>Kosten\u00fcbernahme durch Krankenkassen<\/strong><br>Eine \u00e4rztliche verordnete Fusspflege wird von der Grundversicherung Ihrer Krankenkasse \u00fcbernommen. So k\u00f6nnen auch Sp\u00e4tfolgen vermieden werden, welche die Krankenkasse deutlich teurer zu stehen kommen &#8211;&nbsp;und ihnen als Patienten unn\u00f6tige Schmerzen bereiten.<\/p>\n\n\n\n<p><strong>Laden Sie die \u00e4rztliche Verordnung mit allen Info&#8217;s herunter. Alle Bl\u00e4tter sollten Sie bei Ihrem Arzt vorlegen und mir im Original bringen oder zusenden.<\/strong><\/p>\n\n\n\n<ul class=\"wp-block-list\"><li><a href=\"http:\/\/sami-kosmetik.ch\/fileadmin\/templates\/documents\/Verordnung_mit_Info.pdf\" target=\"_blank\" rel=\"noreferrer noopener\">Verordnung mit Info.pdf<\/a><\/li><\/ul>\n\n\n\n<p><strong>Fusspflege ist mit \u00e4rztlicher Verordnung \u00fcber die Krankenkassen Grundversicherung gedeckt<\/strong>:<br><br><strong>Erkl\u00e4rung:<\/strong><br><br>Die Fusspflege bei Diabetikern stellt Massnahmen der Behandlungspflege im Sinne des KVG Art. 7 Abs. 2 lit. b Ziff. 10 dar, sie sind der Tarifposition b zuzuordnen.<\/p>\n\n\n\n<p><br>In anderen F\u00e4llen sind sie als Teil der Grundpflege bildenden Massnahme im Sinne des KVG Art. 7 Abs. 2 lit. c Ziff. 1&nbsp;zu sehen und der Tarifposition c zuzuordnen, dies aufgrund der Tatsache, dass der Patient infolge seines Gesundheitszustands nicht in der Lage ist, die T\u00e4tigkeit der Fusspflege selbstst\u00e4ndig und\/oder in ausreichend n\u00f6tigem Umfang auszuf\u00fchren. Sie ist somit als Unterst\u00fctzung und Pflegeleistung (und nicht etwa als kosmetische Massnahme) zu bezeichnen.&nbsp;<\/p>\n\n\n\n<p><br><strong>Ablauf:<\/strong><\/p>\n\n\n\n<ol class=\"wp-block-list\"><li><strong>Sie laden sich das vorgefertigte Formular von dieser Seite herunter und lassen sich die Fusspflege von Ihrem Arzt (Haus- oder Facharzt) verordnen oder Sie kommen f\u00fcr eine Erstkonsultation zu mir und erhalten das entsprechende Formular f\u00fcr Ihren Arzt hier ausgestellt.<br>&nbsp;<\/strong><\/li><li><strong>Ihr Arzt verordnet Fusspflege und beauftragt mich, als freiberufliche Pflegefachfrau mit dieser Leistungserbringung.<br><\/strong><\/li><li><strong>Sie bezahlen lediglich die Selbstkosten der Behandlung bei mir. Ich reiche die Belege mit der \u00e4rztlichen Verordnung zusammen bei Ihrer Krankenkasse ein, die Kasse, sowie die Gemeinde bezahlt die Behandlung\/Restkosten direkt an mich<\/strong>.<\/li><\/ol>\n\n\n\n<p>Als Zusatzinformation habe ich die gesetzlichen Grundlagen f\u00fcr Sie hier zusammengestellt:&nbsp;<a href=\"http:\/\/sami-kosmetik.ch\/krankenkasse\/gestzliche-grundlagen\/\">ges. Grundlagen<\/a><\/p>\n\n\n\n<p><\/p>\n\n\n\n<p><\/p>\n","protected":false},"excerpt":{"rendered":"<div class=\"entry-summary\">\nIhre Therapeutin: Sandra VilligerTermine in Auw und Eschenbach m\u00f6glich. Ihren F\u00fcssen Gutes tun! Ohne unsere F\u00fcsse geht im wahrsten Sinn&hellip;\n<\/div>\n<div class=\"link-more\"><a href=\"https:\/\/fusspraxis-freiamt-seetal.ch\/index.php\/angebot-diabetische-fusspflege\/\" class=\"more-link\">Continue reading<span class=\"screen-reader-text\"> &ldquo;diabetische Fusspflege&rdquo;<\/span>&hellip;<\/a><\/div>\n","protected":false},"author":1,"featured_media":0,"parent":0,"menu_order":0,"comment_status":"closed","ping_status":"closed","template":"","meta":{"footnotes":""},"class_list":["post-1248","page","type-page","status-publish","hentry","entry"],"_links":{"self":[{"href":"https:\/\/fusspraxis-freiamt-seetal.ch\/index.php\/wp-json\/wp\/v2\/pages\/1248","targetHints":{"allow":["GET"]}}],"collection":[{"href":"https:\/\/fusspraxis-freiamt-seetal.ch\/index.php\/wp-json\/wp\/v2\/pages"}],"about":[{"href":"https:\/\/fusspraxis-freiamt-seetal.ch\/index.php\/wp-json\/wp\/v2\/types\/page"}],"author":[{"embeddable":true,"href":"https:\/\/fusspraxis-freiamt-seetal.ch\/index.php\/wp-json\/wp\/v2\/users\/1"}],"replies":[{"embeddable":true,"href":"https:\/\/fusspraxis-freiamt-seetal.ch\/index.php\/wp-json\/wp\/v2\/comments?post=1248"}],"version-history":[{"count":13,"href":"https:\/\/fusspraxis-freiamt-seetal.ch\/index.php\/wp-json\/wp\/v2\/pages\/1248\/revisions"}],"predecessor-version":[{"id":1372,"href":"https:\/\/fusspraxis-freiamt-seetal.ch\/index.php\/wp-json\/wp\/v2\/pages\/1248\/revisions\/1372"}],"wp:attachment":[{"href":"https:\/\/fusspraxis-freiamt-seetal.ch\/index.php\/wp-json\/wp\/v2\/media?parent=1248"}],"curies":[{"name":"wp","href":"https:\/\/api.w.org\/{rel}","templated":true}]}}