{"id":124,"date":"2019-06-16T11:17:34","date_gmt":"2019-06-16T10:17:34","guid":{"rendered":"http:\/\/preflight.fusspraxis-hitzkirch.ch\/?page_id=124"},"modified":"2019-07-02T23:07:15","modified_gmt":"2019-07-02T22:07:15","slug":"schrunden","status":"publish","type":"page","link":"https:\/\/fusspraxis-freiamt-seetal.ch\/index.php\/begriffe\/schrunden\/","title":{"rendered":"Schrunden"},"content":{"rendered":"\n<h3 class=\"wp-block-heading\">Hautbereiche, die zu Verhornungen neigen, f\u00f6rdern die Entstehung von Hautrissen<\/h3>\n\n\n\n<p>Schrunden (schmale, spaltf\u00f6rmige Risse) treten oft im Fersenbereich und am \u00e4usseren Fussrand auf. Schrunden entstehen h\u00e4ufig durch trockene Haut und \u00fcberm\u00e4ssige \u00bb&nbsp;<a href=\"http:\/\/preflight.fusspraxis-hitzkirch.ch\/index.php\/begriffe\/hornhaut\/\" target=\"_blank\" rel=\"noreferrer noopener\" aria-label=\" (opens in a new tab)\">Verhornungen der Haut&nbsp;<\/a>(Hyperkreatose). Trockene und\/oder verhornte Haut f\u00fchrt zu einer Verminderung der Elastizit\u00e4t.<\/p>\n\n\n\n<p>Die Haut wird rau, spr\u00f6de und rissig. Die Hornhaut kann aufreissen und leichte bis tiefe spaltf\u00f6rmige Hautrisse hinterlassen, die sich bis in die Lederhaut ausdehnen. <strong>Rhagaden<\/strong> k\u00f6nnen sich auch zu n\u00e4ssenden oder blutenden Wunden entwickeln und starke Schmerzen verursachen.<\/p>\n\n\n\n<p>Risse in der Haut sind auch Eintrittpforten f\u00fcr Bakterien. Die Abwehrfunktion der Haut kann so stark eingeschr\u00e4nkt sein, dass Infektionen, <a href=\"http:\/\/preflight.fusspraxis-hitzkirch.ch\/index.php\/begriffe\/warzen\/\">Warzenbefall<\/a> und \u00bb&nbsp;<a href=\"http:\/\/preflight.fusspraxis-hitzkirch.ch\/index.php\/begriffe\/nagelpilz-diagnose\/\" target=\"_blank\" rel=\"noreferrer noopener\" aria-label=\" (opens in a new tab)\">Mykosen<\/a>&nbsp;die Folge sein k\u00f6nnen.<\/p>\n\n\n\n<ul class=\"wp-block-list\"><li>Schrunden<br>Schmale, spaltf\u00f6rmige Risse in der Haut<\/li><li>Rhagaden<br>Hautrisse bis in die Lederhaut<\/li><li>Fissuren: Hautrisse<\/li><li>Hyperkreatose<br>\u00dcbermssige Verhornung der Haut<\/li><li>Callositas<br>Schwiele \u2013 Unterart der Hyperkreatose<\/li><\/ul>\n\n\n\n<h3 class=\"wp-block-heading\">Die Behandlung von Schrunden, Hautrissen und Rhagaden ist oft langwierig<\/h3>\n\n\n\n<p>Regelm\u00e4ssiges, gr\u00fcndliches und fachgerechtes Abtragen sowie die konsequente t\u00e4gliche Heimpflege mit speziellen, nachhaltigen und hochwertigen Fusspflegepr\u00e4paraten sind wesentlich. Die Regenerationsf\u00e4higkeit der Haut wird \u00fcber die Aktivierung der Zellteilung verbessert.<\/p>\n\n\n\n<p>Besonders intensiv l\u00e4sst sich dieser Effekt \u00fcber eine Okklusiv-Behandlung erg\u00e4nzen. Unter Luftabschluss kann das entsprechende Pflegeprodukt intensiv einwirken. Die Anwendung der Okklusiv-Behandlung sollte wiederholt werden, bis die Haut geschmeidig ist und sich die \u00fcberm\u00e4ssige Hornhaut und\/oder trockene Fusshaut reduziert hat.<\/p>\n\n\n\n<p>Die Okklusiv-Behandlung ist ein luft- und wasserundurchl\u00e4ssiger abschliessender Folienverband zur Behandlung stark verhornter Haut, Fersenrissen und sehr trockner Fusshaut. Die Wirkung von Salben und Pflegeprodukten wird verst\u00e4rkt. Pflegesubstanzen k\u00f6nnen tiefer eindringen und werden von der Haut besser absorbiert.<\/p>\n\n\n\n<h3 class=\"wp-block-heading\">M\u00f6gliche Ursachen f\u00fcr die Entstehung von Schrunden &amp; Rhagaden<br><\/h3>\n\n\n\n<ul class=\"wp-block-list\"><li>Trockene spr\u00f6de schuppige Haut. Die Haut ist deshalb nicht mehr elastisch genug und es kann zum Aufreisssen der Haut kommen.<\/li><li>\u00dcbermssige \u00bb&nbsp;Verhornungen, die nicht regelm\u00e4ssig entfernt werden<\/li><li>Hautalterung<\/li><li>Durchblutungsst\u00f6rungen<\/li><li>Pilzinfektionen der Haut (Mykosen)<\/li><li>Fussdeformationen<\/li><li>\u00dcbergewicht<\/li><li>Erkrankungen wie z. B. Neurodermitis, Psoriasis (Schuppenflechte) oder Diabetes<\/li><\/ul>\n\n\n\n<h3 class=\"wp-block-heading\">F\u00fcsse sind besonders anf\u00e4llig f\u00fcr Feuchtigkeitsverluste<\/h3>\n\n\n\n<p>Die Haut des Fussr\u00fcckens verf\u00fcgt \u00fcber nur wenige Talgdr\u00fcsen. An den Fusssohlen fehlen die Talgdr\u00fcsen g\u00e4nzlich. Eine gesunde elastische Haut ben\u00f6tigt ausreichend Feuchtigkeit. Trockene Haut verf\u00fcgt nicht mehr \u00fcber gen\u00fcgend Feuchtigkeit, auch ist der Gehalt an hauteigenen Fetten vermindert.<\/p>\n\n\n\n<p>Eine regelm\u00e4ssige Fuss- und Hautpflege ist grundlegend, um die Elastizit\u00e4t und eine gesunde und geschmeidige Haut zu bewahren. Wird die \u00bb&nbsp;<a href=\"http:\/\/preflight.fusspraxis-hitzkirch.ch\/index.php\/angebot\/\" target=\"_blank\" rel=\"noreferrer noopener\" aria-label=\" (opens in a new tab)\">Fusspflege<\/a>&nbsp;vernachl\u00e4ssigt, ist das Einreissen der Haut ein h\u00e4ufiges Resultat. Sind Schrunden erst einmal entstanden, ist der Heilungsprozess oft langwierig, da F\u00fcsse st\u00e4ndiger Bewegung und starken Belastungen ausgesetzt sind, die sich nur geringf\u00fcgig einschr\u00e4nken lassen.<\/p>\n\n\n\n<p>Wird \u00fcberm\u00e4ssige Hornhaut regelm\u00e4ssig entfernt und der Haut gen\u00fcgend Feuchtigkeit (t\u00e4gliches Eincremen) zugef\u00fchrt, wird die Haut wieder elastisch und weich und so kann einer einer Schrundenbildung vorgebeugt werden. Um den Feuchtigkeitsverlust der Haut auszugleichen sind Salben mit nat\u00fcrlichen Inhaltsstoffen wie z. B. Harnstoff (Urea), Sheabutter (Karit\u00e9), Lanolin, Phanthenol oder Bisabolol empfehlenswert.<\/p>\n","protected":false},"excerpt":{"rendered":"<div class=\"entry-summary\">\nHautbereiche, die zu Verhornungen neigen, f\u00f6rdern die Entstehung von Hautrissen Schrunden (schmale, spaltf\u00f6rmige Risse) treten oft im Fersenbereich und am&hellip;\n<\/div>\n<div class=\"link-more\"><a href=\"https:\/\/fusspraxis-freiamt-seetal.ch\/index.php\/begriffe\/schrunden\/\" class=\"more-link\">Continue reading<span class=\"screen-reader-text\"> &ldquo;Schrunden&rdquo;<\/span>&hellip;<\/a><\/div>\n","protected":false},"author":1,"featured_media":470,"parent":130,"menu_order":0,"comment_status":"closed","ping_status":"closed","template":"","meta":{"footnotes":""},"class_list":["post-124","page","type-page","status-publish","has-post-thumbnail","hentry","entry"],"_links":{"self":[{"href":"https:\/\/fusspraxis-freiamt-seetal.ch\/index.php\/wp-json\/wp\/v2\/pages\/124","targetHints":{"allow":["GET"]}}],"collection":[{"href":"https:\/\/fusspraxis-freiamt-seetal.ch\/index.php\/wp-json\/wp\/v2\/pages"}],"about":[{"href":"https:\/\/fusspraxis-freiamt-seetal.ch\/index.php\/wp-json\/wp\/v2\/types\/page"}],"author":[{"embeddable":true,"href":"https:\/\/fusspraxis-freiamt-seetal.ch\/index.php\/wp-json\/wp\/v2\/users\/1"}],"replies":[{"embeddable":true,"href":"https:\/\/fusspraxis-freiamt-seetal.ch\/index.php\/wp-json\/wp\/v2\/comments?post=124"}],"version-history":[{"count":0,"href":"https:\/\/fusspraxis-freiamt-seetal.ch\/index.php\/wp-json\/wp\/v2\/pages\/124\/revisions"}],"up":[{"embeddable":true,"href":"https:\/\/fusspraxis-freiamt-seetal.ch\/index.php\/wp-json\/wp\/v2\/pages\/130"}],"wp:featuredmedia":[{"embeddable":true,"href":"https:\/\/fusspraxis-freiamt-seetal.ch\/index.php\/wp-json\/wp\/v2\/media\/470"}],"wp:attachment":[{"href":"https:\/\/fusspraxis-freiamt-seetal.ch\/index.php\/wp-json\/wp\/v2\/media?parent=124"}],"curies":[{"name":"wp","href":"https:\/\/api.w.org\/{rel}","templated":true}]}}