{"id":122,"date":"2019-06-16T11:16:42","date_gmt":"2019-06-16T10:16:42","guid":{"rendered":"http:\/\/preflight.fusspraxis-hitzkirch.ch\/?page_id=122"},"modified":"2019-10-19T15:41:12","modified_gmt":"2019-10-19T14:41:12","slug":"huehneraugen-dornwarzen","status":"publish","type":"page","link":"https:\/\/fusspraxis-freiamt-seetal.ch\/index.php\/begriffe\/huehneraugen-dornwarzen\/","title":{"rendered":"H\u00fchneraugen | Dornwarzen"},"content":{"rendered":"\n<p>Das H\u00fchnerauge (Clavus) ist eine durch chronischen Druck auf knochennahe Haut bedingte Schwiele (Hornhautverdickung) mit einem in die Tiefe gerichteten kegelf\u00f6rmigen Sporn. Der Sporn kann bis tief in die Lederhaut vordringen und dort die Nerven reizen. Je tiefer der Sporn sitzt, umso schmerzhafter.<\/p>\n\n\n\n<h3 class=\"wp-block-heading\">Ausl\u00f6ser f\u00fcr H\u00fchneraugen<\/h3>\n\n\n\n<p>Kann chronischer Druck oder eine anhaltende Reibung sein. Aufgrund andauernden Reibung- und Druckbelastung, auf eine bestimmte Stelle, bildet sich vermehrt \u00bb\u00a0<a href=\"http:\/\/fusspraxis-freiamt-seetal.ch\/index.php\/begriffe\/hornhaut\/\">Hornhaut<\/a>. Der Sporn w\u00e4chst immer weiter in die Tiefe und l\u00f6st fr\u00fcher oder sp\u00e4ter Schmerzen aus.<\/p>\n\n\n\n<h3 class=\"wp-block-heading\">Ein H\u00fchnerauge ist ein Symptom und keine Ursache<\/h3>\n\n\n\n<p>Es muss die Ursache herausgefunden werden, um das Problem dauerhaft beseitigen zu k\u00f6nnen. Ist das H\u00fchnerauge entfernt und die Ursache wird nicht behoben, kann sich wieder ein H\u00fchnerauge bilden. Nach dem fachgerechten Entfernen eines H\u00fchnerauges, hilft ein Druck- und Reibungsschutz, um erneuten Druck auf die behandelte Stelle zu vermeiden.<\/p>\n\n\n\n<p>Ein H\u00fchnerauge sollte nicht mit einer Dornwarze (Verhornungen mit dunklen Punkten \u2013 Fu\u00dfsohlen, Zehenunterseite, Ferse) verwechselt werden. Auch Dornwarzen wachsen bis in tiefere Hautschichten und es k\u00f6nnen Schmerzen entstehen. Der Dorn dr\u00fcckt auf Nervenfasern, die Schmerzimpulse aussenden.<\/p>\n\n\n\n<p>H\u00fchneraugen sehen <a href=\"http:\/\/fusspraxis-freiamt-seetal.ch\/index.php\/begriffe\/warzen\/\">Dornwarzen<\/a> (Verrucae plantares) sehr \u00e4hnlich und die Unterscheidung ist auf den ersten Blick nicht erkennbar. Dornwarzen werden durch eine Virusinfektion (HPV &#8211; Humane Papilomavien) verursacht. Dornwarzen sind ansteckend und werden von Mensch zu Mensch \u00fcbertragen. Durch Ber\u00fchren der Warze oder indirekten Kontakt wie Barfuss gehen z. B. in Schwimmb\u00e4dern, Saunen oder Fitnessstudios. Dornwarzen sollten so fr\u00fch wie m\u00f6glich behandelt werden, damit sie sich nicht ausbreiten.<\/p>\n\n\n\n<p>Durch kleine Verletzungen und Risse dringen die Viren in die Haut ein. Sie entstehen dort, wo der Virus in die Haut eingedrungen ist. Beg\u00fcnstigt wird eine Infektion durch verletzte Haut, verminderte Durchblutung oder eine Immunschw\u00e4che. Nach der Infektion kann es Wochen dauern bis Hautver\u00e4nderungen sichtbar werden.<\/p>\n\n\n\n<p>Treten vermehrt vermeintliche H\u00fchneraugen auf, sollte ein Arzt aufgesucht werden, um das Vorliegen einer Virusinfektion ausschliessen zu k\u00f6nnen. Handelt es sich allerdings um Dornwarzen ist eine \u00e4rztliche Behandlung wichtig, da sonst die Gefahr einer Ausbreitung besteht.<\/p>\n","protected":false},"excerpt":{"rendered":"<div class=\"entry-summary\">\nDas H\u00fchnerauge (Clavus) ist eine durch chronischen Druck auf knochennahe Haut bedingte Schwiele (Hornhautverdickung) mit einem in die Tiefe gerichteten&hellip;\n<\/div>\n<div class=\"link-more\"><a href=\"https:\/\/fusspraxis-freiamt-seetal.ch\/index.php\/begriffe\/huehneraugen-dornwarzen\/\" class=\"more-link\">Continue reading<span class=\"screen-reader-text\"> &ldquo;H\u00fchneraugen | Dornwarzen&rdquo;<\/span>&hellip;<\/a><\/div>\n","protected":false},"author":1,"featured_media":457,"parent":130,"menu_order":0,"comment_status":"closed","ping_status":"closed","template":"","meta":{"footnotes":""},"class_list":["post-122","page","type-page","status-publish","has-post-thumbnail","hentry","entry"],"_links":{"self":[{"href":"https:\/\/fusspraxis-freiamt-seetal.ch\/index.php\/wp-json\/wp\/v2\/pages\/122","targetHints":{"allow":["GET"]}}],"collection":[{"href":"https:\/\/fusspraxis-freiamt-seetal.ch\/index.php\/wp-json\/wp\/v2\/pages"}],"about":[{"href":"https:\/\/fusspraxis-freiamt-seetal.ch\/index.php\/wp-json\/wp\/v2\/types\/page"}],"author":[{"embeddable":true,"href":"https:\/\/fusspraxis-freiamt-seetal.ch\/index.php\/wp-json\/wp\/v2\/users\/1"}],"replies":[{"embeddable":true,"href":"https:\/\/fusspraxis-freiamt-seetal.ch\/index.php\/wp-json\/wp\/v2\/comments?post=122"}],"version-history":[{"count":0,"href":"https:\/\/fusspraxis-freiamt-seetal.ch\/index.php\/wp-json\/wp\/v2\/pages\/122\/revisions"}],"up":[{"embeddable":true,"href":"https:\/\/fusspraxis-freiamt-seetal.ch\/index.php\/wp-json\/wp\/v2\/pages\/130"}],"wp:featuredmedia":[{"embeddable":true,"href":"https:\/\/fusspraxis-freiamt-seetal.ch\/index.php\/wp-json\/wp\/v2\/media\/457"}],"wp:attachment":[{"href":"https:\/\/fusspraxis-freiamt-seetal.ch\/index.php\/wp-json\/wp\/v2\/media?parent=122"}],"curies":[{"name":"wp","href":"https:\/\/api.w.org\/{rel}","templated":true}]}}