{"id":118,"date":"2019-06-16T11:13:43","date_gmt":"2019-06-16T10:13:43","guid":{"rendered":"http:\/\/preflight.fusspraxis-hitzkirch.ch\/?page_id=118"},"modified":"2021-02-01T09:55:37","modified_gmt":"2021-02-01T09:55:37","slug":"eingewachsener-fussnagel","status":"publish","type":"page","link":"https:\/\/fusspraxis-freiamt-seetal.ch\/index.php\/begriffe\/eingewachsener-fussnagel\/","title":{"rendered":"Eingewachsener Nagel (Unguis Incarnatus)"},"content":{"rendered":"\n<p>Fussn\u00e4gel sollten nicht zu kurz und rund geschnitten werden. Oftmals werden aber Zehenn\u00e4gel an den Ecken zu tief oder zu rund geschnitten. Fussn\u00e4gel sollten gerade wachsen k\u00f6nnen, damit eingewachsene oder entz\u00fcndete Nagelecken keine Chance haben. Durch die falsche Schneidetechnik k\u00f6nnen N\u00e4gel in die Haut wachsen und so Beschwerden verursachen. Ein eingewachsener Nagel tritt meistens an der Grosszehe auf und kann \u00e4usserst schmerzhaft sein.<\/p>\n\n\n\n<p>Werden Zehenn\u00e4gel zu rund geschnitten, schiebt sich der Nagelrand, durch Druck, in das Nagelbett. Dadurch wird die Haut gereizt, dies kann zu einer Entz\u00fcndung f\u00fchren. Ist die Haut verletzt, bildet sich \u201eWildes Fleisch\u201c (Granulationsgewebe) und w\u00e4chst \u00fcber den Nagel, der so noch tiefer in das Nagelbett eindringt. Durch die Verletzung der Haut k\u00f6nnen im weiteren Verlauf Bakterien eindringen und sich die Beschwerden verschlimmern.<\/p>\n\n\n\n<h3 class=\"wp-block-heading\">Eingewachsene N\u00e4gel k\u00f6nnen entstehen durch<\/h3>\n\n\n\n<ul class=\"wp-block-list\"><li>Falsches Schneiden <\/li><li>Fuss- &amp; Nagelfehlbildungen<\/li><li>Fehlbelastung der Zehen, verursacht durch Fuss- oder Zehen \u2013 Deformationen, bei denen die seitlichen Nagelr\u00e4nder starkem Druck ausgesetzt sind<\/li><li>Ver\u00e4nderung der St\u00e4rke &amp; Struktur der Nagelplatte<\/li><li>Vererbung<\/li><li>Durchblutungs-\/Sensibilit\u00e4tsst\u00f6rungen<\/li><li>Diabetes<\/li><li>Chronische Pilzinfektionen<\/li><li>Zu enge Schuhe<\/li><\/ul>\n\n\n\n<h3 class=\"wp-block-heading\">Behandlung eingewachsener N\u00e4gel<\/h3>\n\n\n\n<p>Bei einem eingewachsenen Nagel werden die Nagelkanten begradigt, st\u00f6rende Nagelteile und Verhornungen im Nagelfalz entfernt, um den Schmerz schnell zu lindern oder zu beseitigen und Entz\u00fcndungen vorzubeugen. Durch das anschliessende Legen einer Tamponade kann verhindert werden, dass die Beschwerden fortschreiten oder chronisch werden.<\/p>\n\n\n\n<p>Die <strong><a href=\"http:\/\/fusspraxis-freiamt-seetal.ch\/index.php\/tamponieren\/\">Tamponade<\/a><\/strong> ist eine sanfte Behandlungsmethode, um bei eingewachsenen N\u00e4geln ein beschwerdefreies Nachwachsen zu erm\u00f6glichen. Die Nagefalztamponade dient als Druck- und Reibungsschutz, so dass der betroffene Nagel nicht direkt mit der gereizten Haut im Nagelfalz in Ber\u00fchrung kommt. Ist ein eingewachsener Nagel bereits sehr stark angeschwollen und\/oder tritt eine ernsthafte oder eitrige Entz\u00fcndung auf, sollte ein Arzt konsultiert werden (Antibiose). Der Nagel kann meist gerettet werden, doch um einer Operation zu entgehen, sollte umgehend eine medizinische Fussnotfallbehandlung die weiteren Schritte aufzeigen und anschliessend einem t\u00e4glichen Fussbad mit Betadine L\u00f6sung und der Behandlung mit Zugsalbe (Leucen) begonnen werden.  Eine engmaschige Kontrolle in der Fuss-Praxis verhindert m\u00f6gliche Komplikationen.<\/p>\n\n\n\n<h3 class=\"wp-block-heading\">Nagelspangenbehandlung<br><\/h3>\n\n\n\n<p>Eine sehr gute und effektive Behandlungsm\u00f6glichkeit bei eingewachsenen und eingerollten N\u00e4geln ist die sanfte Nagelkorrektur mit einer Nagelspange. Eine \u00bb&nbsp;<a rel=\"noreferrer noopener\" aria-label=\" (opens in a new tab)\" href=\"http:\/\/fusspraxis-freiamt-seetal.ch\/index.php\/nagelspangenbehandlung\/\" target=\"_blank\">Nagelspangen-Behandlung<\/a>&nbsp;erm\u00f6glicht dem eingewachsenen Nagel wieder schmerzfrei in die korrekte Form zu wachsen. Beschwerden k\u00f6nnen schnell gelindert und nachhaltig behoben werden. Schmerzhafte Operationen wie z. B. \u00bb&nbsp;<a href=\"http:\/\/fusspraxis-freiamt-seetal.ch\/index.php\/begriffe\/keilexzision-emmert-plastik\/\" target=\"_blank\" rel=\"noreferrer noopener\" aria-label=\" (opens in a new tab)\">Emmert-Keilexzision<\/a>&nbsp;oder eine Nagelextraktion k\u00f6nnten in vielen F\u00e4llen vermieden werden, wenn rechtzeitig mit einer Behandlung begonnen wird.<\/p>\n\n\n\n<h3 class=\"wp-block-heading\">Ziel einer Nagelspangen Behandlung<\/h3>\n\n\n\n<ul class=\"wp-block-list\"><li>Eingewachsene, eingerollte N\u00e4gel k\u00f6nnen mit einer Nagelspange wieder begradigt werden und dem Nagel zu einem gesunden und schmerzfreien Wachstum verhelfen.<\/li><li>Durch das Anbringen der Nagelkorrekturspange tritt eine z\u00fcgige Entlastung des umliegenden Gewebes ein.<\/li><li>Anhebung der seitlichen Nagelr\u00e4nder.<\/li><li>Beschwerden k\u00f6nnen schnell gelindert und effektiv behoben werden.<\/li><li>Prophylaxe vor weiteren schmerzhaften Einwachsen der N\u00e4gel.<\/li><li>Vermeiden einer \u00bb&nbsp;<a href=\"http:\/\/fusspraxis-freiamt-seetal.ch\/index.php\/begriffe\/keilexzision-emmert-plastik\/\" target=\"_blank\" rel=\"noreferrer noopener\" aria-label=\" (opens in a new tab)\">Emmert-Plastik\/Keilexzision<\/a>.<\/li><\/ul>\n\n\n\n<h3 class=\"wp-block-heading\">M\u00f6glichkeiten um eingewachsenen Zehenn\u00e4geln vorzubeugen<\/h3>\n\n\n\n<ul class=\"wp-block-list\"><li>Korrektes Schneiden der N\u00e4gel. Es d\u00fcrfen keine spitzen Ecken und Kanten entstehen. Nach dem Nagelschneiden Nagelr\u00e4nder gl\u00e4tten.<\/li><li>Bequeme und passende Schuhe tragen<\/li><li>Reibung &amp; Druck vermeiden<\/li><li>Sorgf\u00e4ltige Fusspflege &amp; -hygiene<\/li><li>Entz\u00fcndungen &amp; Infektionen rechtzeitig behandeln lassen<\/li><\/ul>\n\n\n\n<p><\/p>\n","protected":false},"excerpt":{"rendered":"<div class=\"entry-summary\">\nFussn\u00e4gel sollten nicht zu kurz und rund geschnitten werden. Oftmals werden aber Zehenn\u00e4gel an den Ecken zu tief oder zu&hellip;\n<\/div>\n<div class=\"link-more\"><a href=\"https:\/\/fusspraxis-freiamt-seetal.ch\/index.php\/begriffe\/eingewachsener-fussnagel\/\" class=\"more-link\">Continue reading<span class=\"screen-reader-text\"> &ldquo;Eingewachsener Nagel (Unguis Incarnatus)&rdquo;<\/span>&hellip;<\/a><\/div>\n","protected":false},"author":1,"featured_media":1313,"parent":130,"menu_order":0,"comment_status":"closed","ping_status":"closed","template":"","meta":{"footnotes":""},"class_list":["post-118","page","type-page","status-publish","has-post-thumbnail","hentry","entry"],"_links":{"self":[{"href":"https:\/\/fusspraxis-freiamt-seetal.ch\/index.php\/wp-json\/wp\/v2\/pages\/118","targetHints":{"allow":["GET"]}}],"collection":[{"href":"https:\/\/fusspraxis-freiamt-seetal.ch\/index.php\/wp-json\/wp\/v2\/pages"}],"about":[{"href":"https:\/\/fusspraxis-freiamt-seetal.ch\/index.php\/wp-json\/wp\/v2\/types\/page"}],"author":[{"embeddable":true,"href":"https:\/\/fusspraxis-freiamt-seetal.ch\/index.php\/wp-json\/wp\/v2\/users\/1"}],"replies":[{"embeddable":true,"href":"https:\/\/fusspraxis-freiamt-seetal.ch\/index.php\/wp-json\/wp\/v2\/comments?post=118"}],"version-history":[{"count":1,"href":"https:\/\/fusspraxis-freiamt-seetal.ch\/index.php\/wp-json\/wp\/v2\/pages\/118\/revisions"}],"predecessor-version":[{"id":1314,"href":"https:\/\/fusspraxis-freiamt-seetal.ch\/index.php\/wp-json\/wp\/v2\/pages\/118\/revisions\/1314"}],"up":[{"embeddable":true,"href":"https:\/\/fusspraxis-freiamt-seetal.ch\/index.php\/wp-json\/wp\/v2\/pages\/130"}],"wp:featuredmedia":[{"embeddable":true,"href":"https:\/\/fusspraxis-freiamt-seetal.ch\/index.php\/wp-json\/wp\/v2\/media\/1313"}],"wp:attachment":[{"href":"https:\/\/fusspraxis-freiamt-seetal.ch\/index.php\/wp-json\/wp\/v2\/media?parent=118"}],"curies":[{"name":"wp","href":"https:\/\/api.w.org\/{rel}","templated":true}]}}